{"id":9690,"date":"2025-08-08T14:26:41","date_gmt":"2025-08-08T14:26:41","guid":{"rendered":"https:\/\/lubricants.a2zautoexpress.com\/product\/melange-synthetique-premium-5w30-api-sn\/"},"modified":"2025-09-24T20:44:32","modified_gmt":"2025-09-24T20:44:32","slug":"melange-synthetique-premium-5w30-api-sn","status":"publish","type":"product","link":"https:\/\/lubricants.a2zautoexpress.com\/fr\/produit\/melange-synthetique-premium-5w30-api-sn\/","title":{"rendered":"M\u00c9LANGE SYNTH\u00c9TIQUE PREMIUM 5W30 API SN"},"content":{"rendered":"","protected":false},"excerpt":{"rendered":"<div class=\"woocommerce-product-details__short-description\">\n<p>Les huiles moteur multigrade GP Petrogen Premium Synthetic Blend sont des produits haute performance toutes saisons de qualit\u00e9 sup\u00e9rieure, formul\u00e9es \u00e0 partir de fluides de base synth\u00e9tiques de haute qualit\u00e9 et d&#8217;une technologie d&#8217;additifs \u00e9prouv\u00e9e sur circuit \u00e0 haute vitesse, r\u00e9pondant et d\u00e9passant les sp\u00e9cifications API et SAE cit\u00e9es dans ce document. C&#8217;est une huile de carter automobile hautement stable au cisaillement, formul\u00e9e pour une utilisation dans les voitures, fourgonnettes et camionnettes \u00e0 essence de presque toutes les marques. Elle offre un excellent contr\u00f4le de l&#8217;usure du moteur et de l&#8217;accumulation de boues, tout en prot\u00e9geant contre la rouille et la corrosion. Recommand\u00e9e pour les moteurs \u00e0 essence suraliment\u00e9s et \u00e0 aspiration naturelle.<\/p>\n<\/div>\n","protected":false},"featured_media":9559,"template":"","meta":{"_acf_changed":false},"product_brand":[],"product_cat":[71],"product_tag":[],"class_list":{"0":"post-9690","1":"product","2":"type-product","3":"status-publish","4":"has-post-thumbnail","6":"product_cat-petrogen","8":"first","9":"instock","10":"shipping-taxable","11":"product-type-simple"},"acf":[],"_links":{"self":[{"href":"https:\/\/lubricants.a2zautoexpress.com\/fr\/wp-json\/wp\/v2\/product\/9690","targetHints":{"allow":["GET"]}}],"collection":[{"href":"https:\/\/lubricants.a2zautoexpress.com\/fr\/wp-json\/wp\/v2\/product"}],"about":[{"href":"https:\/\/lubricants.a2zautoexpress.com\/fr\/wp-json\/wp\/v2\/types\/product"}],"wp:featuredmedia":[{"embeddable":true,"href":"https:\/\/lubricants.a2zautoexpress.com\/fr\/wp-json\/wp\/v2\/media\/9559"}],"wp:attachment":[{"href":"https:\/\/lubricants.a2zautoexpress.com\/fr\/wp-json\/wp\/v2\/media?parent=9690"}],"wp:term":[{"taxonomy":"product_brand","embeddable":true,"href":"https:\/\/lubricants.a2zautoexpress.com\/fr\/wp-json\/wp\/v2\/product_brand?post=9690"},{"taxonomy":"product_cat","embeddable":true,"href":"https:\/\/lubricants.a2zautoexpress.com\/fr\/wp-json\/wp\/v2\/product_cat?post=9690"},{"taxonomy":"product_tag","embeddable":true,"href":"https:\/\/lubricants.a2zautoexpress.com\/fr\/wp-json\/wp\/v2\/product_tag?post=9690"}],"curies":[{"name":"wp","href":"https:\/\/api.w.org\/{rel}","templated":true}]}}