{"id":9688,"date":"2023-12-15T04:46:37","date_gmt":"2023-12-15T04:46:37","guid":{"rendered":"https:\/\/lubricants.a2zautoexpress.com\/product\/gp-10w40-api-sn\/"},"modified":"2025-09-24T20:48:38","modified_gmt":"2025-09-24T20:48:38","slug":"gp-10w40-api-sn","status":"publish","type":"product","link":"https:\/\/lubricants.a2zautoexpress.com\/fr\/produit\/gp-10w40-api-sn\/","title":{"rendered":"GP 10W40 API SN"},"content":{"rendered":"","protected":false},"excerpt":{"rendered":"<p><strong>GP PETROGEN SYNTHETIC 10W40 API SN<\/strong> est une huile moteur synth\u00e9tique con\u00e7ue pour les derni\u00e8res technologies de moteurs essence et diesel (sans filtres \u00e0 particules diesel ou DPF) offrant d&#8217;excellentes performances globales. Elle fournit un pouvoir nettoyant exceptionnel, une protection contre l&#8217;usure et des performances globales remarquables. PETROGEN 10W-40 maintient votre moteur comme neuf dans toutes les conditions de conduite.<\/p>\n<p>Elle est recommand\u00e9e pour les derni\u00e8res technologies de moteurs incluant les turbocompresseurs, l&#8217;injection directe, les diesels (sans DPF) et les hybrides.<\/p>\n<div class=\"downloads\"><\/div>\n","protected":false},"featured_media":9689,"template":"","meta":{"_acf_changed":false},"product_brand":[],"product_cat":[71],"product_tag":[],"class_list":{"0":"post-9688","1":"product","2":"type-product","3":"status-publish","4":"has-post-thumbnail","6":"product_cat-petrogen","8":"first","9":"instock","10":"shipping-taxable","11":"product-type-simple"},"acf":[],"_links":{"self":[{"href":"https:\/\/lubricants.a2zautoexpress.com\/fr\/wp-json\/wp\/v2\/product\/9688","targetHints":{"allow":["GET"]}}],"collection":[{"href":"https:\/\/lubricants.a2zautoexpress.com\/fr\/wp-json\/wp\/v2\/product"}],"about":[{"href":"https:\/\/lubricants.a2zautoexpress.com\/fr\/wp-json\/wp\/v2\/types\/product"}],"wp:featuredmedia":[{"embeddable":true,"href":"https:\/\/lubricants.a2zautoexpress.com\/fr\/wp-json\/wp\/v2\/media\/9689"}],"wp:attachment":[{"href":"https:\/\/lubricants.a2zautoexpress.com\/fr\/wp-json\/wp\/v2\/media?parent=9688"}],"wp:term":[{"taxonomy":"product_brand","embeddable":true,"href":"https:\/\/lubricants.a2zautoexpress.com\/fr\/wp-json\/wp\/v2\/product_brand?post=9688"},{"taxonomy":"product_cat","embeddable":true,"href":"https:\/\/lubricants.a2zautoexpress.com\/fr\/wp-json\/wp\/v2\/product_cat?post=9688"},{"taxonomy":"product_tag","embeddable":true,"href":"https:\/\/lubricants.a2zautoexpress.com\/fr\/wp-json\/wp\/v2\/product_tag?post=9688"}],"curies":[{"name":"wp","href":"https:\/\/api.w.org\/{rel}","templated":true}]}}