{"id":9685,"date":"2023-12-16T08:29:04","date_gmt":"2023-12-16T08:29:04","guid":{"rendered":"https:\/\/lubricants.a2zautoexpress.com\/product\/gp-entierement-synthetique-pao-5w40-sncf\/"},"modified":"2025-09-24T20:47:32","modified_gmt":"2025-09-24T20:47:32","slug":"gp-entierement-synthetique-pao-5w40-sncf","status":"publish","type":"product","link":"https:\/\/lubricants.a2zautoexpress.com\/fr\/produit\/gp-entierement-synthetique-pao-5w40-sncf\/","title":{"rendered":"GP ENTI\u00c8REMENT SYNTH\u00c9TIQUE PAO 5W40 SNCF"},"content":{"rendered":"","protected":false},"excerpt":{"rendered":"<p><strong>GP PETROGEN ENTI\u00c8REMENT SYNTH\u00c9TIQUE PAO 5W40 SNCF<\/strong> les huiles moteur multigrade sont des produits haute performance de qualit\u00e9 sup\u00e9rieure, toutes saisons, formul\u00e9s \u00e0 partir de fluides de base synth\u00e9tiques de haute qualit\u00e9 et d&#8217;une technologie d&#8217;additifs \u00e9prouv\u00e9e sur circuits haute vitesse, r\u00e9pondant et d\u00e9passant les sp\u00e9cifications API &amp; SAE cit\u00e9es dans le pr\u00e9sent document. Il s&#8217;agit d&#8217;une huile de carter automobile hautement stable au cisaillement, formul\u00e9e pour une utilisation dans les voitures \u00e0 essence, fourgonnettes et camions l\u00e9gers de presque toutes les marques. Elle offre un excellent contr\u00f4le de l&#8217;usure du moteur et de l&#8217;accumulation de boues et prot\u00e8ge contre la rouille et la corrosion.<\/p>\n","protected":false},"featured_media":9687,"template":"","meta":{"_acf_changed":false},"product_brand":[],"product_cat":[71],"product_tag":[],"class_list":{"0":"post-9685","1":"product","2":"type-product","3":"status-publish","4":"has-post-thumbnail","6":"product_cat-petrogen","8":"first","9":"instock","10":"shipping-taxable","11":"product-type-simple"},"acf":[],"_links":{"self":[{"href":"https:\/\/lubricants.a2zautoexpress.com\/fr\/wp-json\/wp\/v2\/product\/9685","targetHints":{"allow":["GET"]}}],"collection":[{"href":"https:\/\/lubricants.a2zautoexpress.com\/fr\/wp-json\/wp\/v2\/product"}],"about":[{"href":"https:\/\/lubricants.a2zautoexpress.com\/fr\/wp-json\/wp\/v2\/types\/product"}],"wp:featuredmedia":[{"embeddable":true,"href":"https:\/\/lubricants.a2zautoexpress.com\/fr\/wp-json\/wp\/v2\/media\/9687"}],"wp:attachment":[{"href":"https:\/\/lubricants.a2zautoexpress.com\/fr\/wp-json\/wp\/v2\/media?parent=9685"}],"wp:term":[{"taxonomy":"product_brand","embeddable":true,"href":"https:\/\/lubricants.a2zautoexpress.com\/fr\/wp-json\/wp\/v2\/product_brand?post=9685"},{"taxonomy":"product_cat","embeddable":true,"href":"https:\/\/lubricants.a2zautoexpress.com\/fr\/wp-json\/wp\/v2\/product_cat?post=9685"},{"taxonomy":"product_tag","embeddable":true,"href":"https:\/\/lubricants.a2zautoexpress.com\/fr\/wp-json\/wp\/v2\/product_tag?post=9685"}],"curies":[{"name":"wp","href":"https:\/\/api.w.org\/{rel}","templated":true}]}}