{"id":9683,"date":"2023-12-16T08:27:21","date_gmt":"2023-12-16T08:27:21","guid":{"rendered":"https:\/\/lubricants.a2zautoexpress.com\/product\/gp-0w20-api-sn-plus\/"},"modified":"2025-09-24T20:47:47","modified_gmt":"2025-09-24T20:47:47","slug":"gp-0w20-api-sn-plus","status":"publish","type":"product","link":"https:\/\/lubricants.a2zautoexpress.com\/fr\/produit\/gp-0w20-api-sn-plus\/","title":{"rendered":"GP 0W20 API SN plus"},"content":{"rendered":"","protected":false},"excerpt":{"rendered":"<p><strong>GP PETROGEN SYNTHETIC 0W20 API SN Plus<\/strong> est une huile moteur enti\u00e8rement synth\u00e9tique \u00e0 tr\u00e8s faible viscosit\u00e9, sp\u00e9cialement con\u00e7ue pour les moteurs \u00e0 essence modernes. Elle offre des niveaux \u00e9lev\u00e9s de rendement \u00e9nerg\u00e9tique et de protection contre les d\u00e9p\u00f4ts dans des conditions de conduite difficiles.<\/p>\n<p>Elle est particuli\u00e8rement recommand\u00e9e pour les voitures hybrides o\u00f9 l&#8217;\u00e9conomie de carburant et la r\u00e9duction des \u00e9missions de CO2 sont importantes. Elle r\u00e9pond \u00e0 la sp\u00e9cification ILSAC GF-5 en mati\u00e8re de rendement \u00e9nerg\u00e9tique ainsi qu&#8217;\u00e0 la sp\u00e9cification GM dexos1\u2122 GEN 2.<\/p>\n","protected":false},"featured_media":9684,"template":"","meta":{"_acf_changed":false},"product_brand":[],"product_cat":[71],"product_tag":[],"class_list":{"0":"post-9683","1":"product","2":"type-product","3":"status-publish","4":"has-post-thumbnail","6":"product_cat-petrogen","8":"first","9":"instock","10":"shipping-taxable","11":"product-type-simple"},"acf":[],"_links":{"self":[{"href":"https:\/\/lubricants.a2zautoexpress.com\/fr\/wp-json\/wp\/v2\/product\/9683","targetHints":{"allow":["GET"]}}],"collection":[{"href":"https:\/\/lubricants.a2zautoexpress.com\/fr\/wp-json\/wp\/v2\/product"}],"about":[{"href":"https:\/\/lubricants.a2zautoexpress.com\/fr\/wp-json\/wp\/v2\/types\/product"}],"wp:featuredmedia":[{"embeddable":true,"href":"https:\/\/lubricants.a2zautoexpress.com\/fr\/wp-json\/wp\/v2\/media\/9684"}],"wp:attachment":[{"href":"https:\/\/lubricants.a2zautoexpress.com\/fr\/wp-json\/wp\/v2\/media?parent=9683"}],"wp:term":[{"taxonomy":"product_brand","embeddable":true,"href":"https:\/\/lubricants.a2zautoexpress.com\/fr\/wp-json\/wp\/v2\/product_brand?post=9683"},{"taxonomy":"product_cat","embeddable":true,"href":"https:\/\/lubricants.a2zautoexpress.com\/fr\/wp-json\/wp\/v2\/product_cat?post=9683"},{"taxonomy":"product_tag","embeddable":true,"href":"https:\/\/lubricants.a2zautoexpress.com\/fr\/wp-json\/wp\/v2\/product_tag?post=9683"}],"curies":[{"name":"wp","href":"https:\/\/api.w.org\/{rel}","templated":true}]}}