{"id":9680,"date":"2023-12-16T08:24:46","date_gmt":"2023-12-16T08:24:46","guid":{"rendered":"https:\/\/lubricants.a2zautoexpress.com\/product\/gp-5w30-api-sn-plus\/"},"modified":"2025-09-24T20:48:01","modified_gmt":"2025-09-24T20:48:01","slug":"gp-5w30-api-sn-plus","status":"publish","type":"product","link":"https:\/\/lubricants.a2zautoexpress.com\/fr\/produit\/gp-5w30-api-sn-plus\/","title":{"rendered":"GP 5W30 API SN PLUS"},"content":{"rendered":"","protected":false},"excerpt":{"rendered":"<p><strong>GP PETROGEN SYNTHETIC 5W30 API SN PLUS<\/strong> offre une protection exceptionnelle pour la conduite exigeante en circulation dense, les intervalles de vidange prolong\u00e9s, les charges lourdes et pour les v\u00e9hicules \u00e9quip\u00e9s de turbocompresseurs et ceux qui n\u00e9cessitent une huile moteur synth\u00e9tique.<\/p>\n<p>Elle r\u00e9pond \u00e9galement \u00e0 la derni\u00e8re sp\u00e9cification API SN PLUS et convient \u00e0 l&#8217;utilisation dans les moteurs GDI\/TGDI (Injection Directe d&#8217;Essence et Injection Directe d&#8217;Essence Turbocompress\u00e9e) o\u00f9 elle prot\u00e8ge contre l&#8217;usure du moteur et la Pr\u00e9-Ignition \u00e0 Basse Vitesse (LSPI).<\/p>\n","protected":false},"featured_media":9682,"template":"","meta":{"_acf_changed":false},"product_brand":[],"product_cat":[71],"product_tag":[],"class_list":{"0":"post-9680","1":"product","2":"type-product","3":"status-publish","4":"has-post-thumbnail","6":"product_cat-petrogen","8":"first","9":"instock","10":"shipping-taxable","11":"product-type-simple"},"acf":[],"_links":{"self":[{"href":"https:\/\/lubricants.a2zautoexpress.com\/fr\/wp-json\/wp\/v2\/product\/9680","targetHints":{"allow":["GET"]}}],"collection":[{"href":"https:\/\/lubricants.a2zautoexpress.com\/fr\/wp-json\/wp\/v2\/product"}],"about":[{"href":"https:\/\/lubricants.a2zautoexpress.com\/fr\/wp-json\/wp\/v2\/types\/product"}],"wp:featuredmedia":[{"embeddable":true,"href":"https:\/\/lubricants.a2zautoexpress.com\/fr\/wp-json\/wp\/v2\/media\/9682"}],"wp:attachment":[{"href":"https:\/\/lubricants.a2zautoexpress.com\/fr\/wp-json\/wp\/v2\/media?parent=9680"}],"wp:term":[{"taxonomy":"product_brand","embeddable":true,"href":"https:\/\/lubricants.a2zautoexpress.com\/fr\/wp-json\/wp\/v2\/product_brand?post=9680"},{"taxonomy":"product_cat","embeddable":true,"href":"https:\/\/lubricants.a2zautoexpress.com\/fr\/wp-json\/wp\/v2\/product_cat?post=9680"},{"taxonomy":"product_tag","embeddable":true,"href":"https:\/\/lubricants.a2zautoexpress.com\/fr\/wp-json\/wp\/v2\/product_tag?post=9680"}],"curies":[{"name":"wp","href":"https:\/\/api.w.org\/{rel}","templated":true}]}}