{"id":9677,"date":"2023-12-16T08:22:14","date_gmt":"2023-12-16T08:22:14","guid":{"rendered":"https:\/\/lubricants.a2zautoexpress.com\/product\/gp-5w30-api-sn\/"},"modified":"2025-09-24T20:48:18","modified_gmt":"2025-09-24T20:48:18","slug":"gp-5w30-api-sn","status":"publish","type":"product","link":"https:\/\/lubricants.a2zautoexpress.com\/fr\/produit\/gp-5w30-api-sn\/","title":{"rendered":"GP 5W30 API SN"},"content":{"rendered":"","protected":false},"excerpt":{"rendered":"<p><strong>GP PETROGEN SYNTHETIC 5W30 API SN<\/strong> est un lubrifiant de haute qualit\u00e9 r\u00e9pondant \u00e0 l&#8217;une des derni\u00e8res sp\u00e9cifications API. La sp\u00e9cification API SN garantit que les lubrifiants offrent une protection \u00e9lev\u00e9e contre les d\u00e9p\u00f4ts \u00e0 haute temp\u00e9rature pour les pistons, un excellent contr\u00f4le des boues et une meilleure compatibilit\u00e9 avec les joints. La sp\u00e9cification ACEA A3\/B4 est destin\u00e9e \u00e0 l&#8217;utilisation dans les voitures particuli\u00e8res \u00e0 essence et diesel haute performance ainsi que les camionnettes diesel l\u00e9g\u00e8res sans filtres \u00e0 particules diesel (FAP) ou catalyseurs trois voies (TWC), et peut \u00eatre utilis\u00e9e avec des moteurs turbocompress\u00e9s et \u00e0 injection directe<\/p>\n<div class=\"downloads\"><\/div>\n","protected":false},"featured_media":9678,"template":"","meta":{"_acf_changed":false},"product_brand":[],"product_cat":[71],"product_tag":[],"class_list":{"0":"post-9677","1":"product","2":"type-product","3":"status-publish","4":"has-post-thumbnail","6":"product_cat-petrogen","8":"first","9":"instock","10":"shipping-taxable","11":"product-type-simple"},"acf":[],"_links":{"self":[{"href":"https:\/\/lubricants.a2zautoexpress.com\/fr\/wp-json\/wp\/v2\/product\/9677","targetHints":{"allow":["GET"]}}],"collection":[{"href":"https:\/\/lubricants.a2zautoexpress.com\/fr\/wp-json\/wp\/v2\/product"}],"about":[{"href":"https:\/\/lubricants.a2zautoexpress.com\/fr\/wp-json\/wp\/v2\/types\/product"}],"wp:featuredmedia":[{"embeddable":true,"href":"https:\/\/lubricants.a2zautoexpress.com\/fr\/wp-json\/wp\/v2\/media\/9678"}],"wp:attachment":[{"href":"https:\/\/lubricants.a2zautoexpress.com\/fr\/wp-json\/wp\/v2\/media?parent=9677"}],"wp:term":[{"taxonomy":"product_brand","embeddable":true,"href":"https:\/\/lubricants.a2zautoexpress.com\/fr\/wp-json\/wp\/v2\/product_brand?post=9677"},{"taxonomy":"product_cat","embeddable":true,"href":"https:\/\/lubricants.a2zautoexpress.com\/fr\/wp-json\/wp\/v2\/product_cat?post=9677"},{"taxonomy":"product_tag","embeddable":true,"href":"https:\/\/lubricants.a2zautoexpress.com\/fr\/wp-json\/wp\/v2\/product_tag?post=9677"}],"curies":[{"name":"wp","href":"https:\/\/api.w.org\/{rel}","templated":true}]}}