{"id":9676,"date":"2023-12-16T08:34:46","date_gmt":"2023-12-16T08:34:46","guid":{"rendered":"https:\/\/lubricants.a2zautoexpress.com\/product\/gp-0w20-api-sp\/"},"modified":"2025-09-24T20:46:27","modified_gmt":"2025-09-24T20:46:27","slug":"gp-0w20-api-sp","status":"publish","type":"product","link":"https:\/\/lubricants.a2zautoexpress.com\/fr\/produit\/gp-0w20-api-sp\/","title":{"rendered":"GP 0W20 API SP"},"content":{"rendered":"","protected":false},"excerpt":{"rendered":"<p>GP Petrogen API SP OW-20 est une huile moteur enti\u00e8rement synth\u00e9tique formul\u00e9e avec une huile de base synth\u00e9tique et un ensemble d&#8217;additifs de derni\u00e8re g\u00e9n\u00e9ration pour r\u00e9pondre aux technologies avanc\u00e9es et aux sp\u00e9cifications de qualit\u00e9 les plus \u00e9lev\u00e9es pour la derni\u00e8re g\u00e9n\u00e9ration de voitures. GP Petrogen API SP OW-20 r\u00e9pond aux normes d&#8217;\u00e9mission les plus strictes et aux standards d&#8217;\u00e9conomie de carburant, prolonge la dur\u00e9e de vie du moteur gr\u00e2ce \u00e0 une teneur r\u00e9duite en soufre et aide \u00e0 pr\u00e9venir la pr\u00e9-ignition \u00e0 basse vitesse (LSPI). Il s&#8217;agit d&#8217;une huile moteur enti\u00e8rement synth\u00e9tique avanc\u00e9e con\u00e7ue pour l&#8217;\u00e9conomie de carburant, la faible viscosit\u00e9, les moteurs \u00e0 faibles \u00e9missions de carbone dans les v\u00e9hicules \u00e9lectriques hybrides (HEV), les v\u00e9hicules \u00e9lectriques hybrides rechargeables (PHEV) turbocompress\u00e9s ou \u00e0 aspiration naturelle, \u00e0 injection directe ou indirecte pour lesquels l&#8217;utilisation de ces grades SAE d&#8217;huile moteur a \u00e9t\u00e9 prescrite par le constructeur.<\/p>\n<div class=\"downloads\"><\/div>\n","protected":false},"featured_media":9679,"template":"","meta":{"_acf_changed":false},"product_brand":[],"product_cat":[71],"product_tag":[],"class_list":{"0":"post-9676","1":"product","2":"type-product","3":"status-publish","4":"has-post-thumbnail","6":"product_cat-petrogen","8":"first","9":"instock","10":"shipping-taxable","11":"product-type-simple"},"acf":[],"_links":{"self":[{"href":"https:\/\/lubricants.a2zautoexpress.com\/fr\/wp-json\/wp\/v2\/product\/9676","targetHints":{"allow":["GET"]}}],"collection":[{"href":"https:\/\/lubricants.a2zautoexpress.com\/fr\/wp-json\/wp\/v2\/product"}],"about":[{"href":"https:\/\/lubricants.a2zautoexpress.com\/fr\/wp-json\/wp\/v2\/types\/product"}],"wp:featuredmedia":[{"embeddable":true,"href":"https:\/\/lubricants.a2zautoexpress.com\/fr\/wp-json\/wp\/v2\/media\/9679"}],"wp:attachment":[{"href":"https:\/\/lubricants.a2zautoexpress.com\/fr\/wp-json\/wp\/v2\/media?parent=9676"}],"wp:term":[{"taxonomy":"product_brand","embeddable":true,"href":"https:\/\/lubricants.a2zautoexpress.com\/fr\/wp-json\/wp\/v2\/product_brand?post=9676"},{"taxonomy":"product_cat","embeddable":true,"href":"https:\/\/lubricants.a2zautoexpress.com\/fr\/wp-json\/wp\/v2\/product_cat?post=9676"},{"taxonomy":"product_tag","embeddable":true,"href":"https:\/\/lubricants.a2zautoexpress.com\/fr\/wp-json\/wp\/v2\/product_tag?post=9676"}],"curies":[{"name":"wp","href":"https:\/\/api.w.org\/{rel}","templated":true}]}}