{"id":9671,"date":"2023-12-16T08:20:57","date_gmt":"2023-12-16T08:20:57","guid":{"rendered":"https:\/\/lubricants.a2zautoexpress.com\/product\/gp-10w30-api-sn\/"},"modified":"2025-09-24T20:48:23","modified_gmt":"2025-09-24T20:48:23","slug":"gp-10w30-api-sn","status":"publish","type":"product","link":"https:\/\/lubricants.a2zautoexpress.com\/fr\/produit\/gp-10w30-api-sn\/","title":{"rendered":"GP 10W30 API SN"},"content":{"rendered":"","protected":false},"excerpt":{"rendered":"<p><strong>GP PETROGEN SYNTHETIC 10W30 API SN<\/strong> est une huile moteur \u00e0 essence \u00e0 \u00e9conomie de ressources, d\u00e9velopp\u00e9e avec un groupe d&#8217;additifs \u00e9quilibr\u00e9s \u00e0 partir de composants synth\u00e9tiques de haute qualit\u00e9 d&#8217;huiles de base. Ce produit r\u00e9pond \u00e0 la norme GF-5 la plus avanc\u00e9e, \u00e9tablie par l&#8217;International Lubricants Standardization and Approval Committee (ILSAC).<\/p>\n<div class=\"downloads\"><\/div>\n","protected":false},"featured_media":9674,"template":"","meta":{"_acf_changed":false},"product_brand":[],"product_cat":[71],"product_tag":[],"class_list":{"0":"post-9671","1":"product","2":"type-product","3":"status-publish","4":"has-post-thumbnail","6":"product_cat-petrogen","8":"first","9":"instock","10":"shipping-taxable","11":"product-type-simple"},"acf":[],"_links":{"self":[{"href":"https:\/\/lubricants.a2zautoexpress.com\/fr\/wp-json\/wp\/v2\/product\/9671","targetHints":{"allow":["GET"]}}],"collection":[{"href":"https:\/\/lubricants.a2zautoexpress.com\/fr\/wp-json\/wp\/v2\/product"}],"about":[{"href":"https:\/\/lubricants.a2zautoexpress.com\/fr\/wp-json\/wp\/v2\/types\/product"}],"wp:featuredmedia":[{"embeddable":true,"href":"https:\/\/lubricants.a2zautoexpress.com\/fr\/wp-json\/wp\/v2\/media\/9674"}],"wp:attachment":[{"href":"https:\/\/lubricants.a2zautoexpress.com\/fr\/wp-json\/wp\/v2\/media?parent=9671"}],"wp:term":[{"taxonomy":"product_brand","embeddable":true,"href":"https:\/\/lubricants.a2zautoexpress.com\/fr\/wp-json\/wp\/v2\/product_brand?post=9671"},{"taxonomy":"product_cat","embeddable":true,"href":"https:\/\/lubricants.a2zautoexpress.com\/fr\/wp-json\/wp\/v2\/product_cat?post=9671"},{"taxonomy":"product_tag","embeddable":true,"href":"https:\/\/lubricants.a2zautoexpress.com\/fr\/wp-json\/wp\/v2\/product_tag?post=9671"}],"curies":[{"name":"wp","href":"https:\/\/api.w.org\/{rel}","templated":true}]}}