{"id":9667,"date":"2025-08-08T14:08:18","date_gmt":"2025-08-08T14:08:18","guid":{"rendered":"https:\/\/lubricants.a2zautoexpress.com\/product\/gp-20w50-api-sm\/"},"modified":"2025-09-24T20:45:51","modified_gmt":"2025-09-24T20:45:51","slug":"gp-20w50-api-sm","status":"publish","type":"product","link":"https:\/\/lubricants.a2zautoexpress.com\/fr\/produit\/gp-20w50-api-sm\/","title":{"rendered":"GP 20W50 API SM"},"content":{"rendered":"","protected":false},"excerpt":{"rendered":"<p><strong>GP PETROGEN PREMIUM 20W50 API SM<\/strong> est une huile moteur multigrade qui offre une protection moteur sup\u00e9rieure adapt\u00e9e aux moteurs multisoupapes et conventionnels d&#8217;aujourd&#8217;hui. Elle fournit une protection optimale contre la formation de boues<\/p>\n<p>Elle offre une bonne protection contre l&#8217;usure \u00e0 basse temp\u00e9rature en combinant un d\u00e9marrage moteur facile \u00e0 basse temp\u00e9rature et une circulation d&#8217;huile rapide au d\u00e9marrage \u00e0 froid lorsque le moteur est dans sa phase la plus critique.<\/p>\n<div class=\"downloads\"><\/div>\n","protected":false},"featured_media":9668,"template":"","meta":{"_acf_changed":false},"product_brand":[],"product_cat":[71],"product_tag":[],"class_list":{"0":"post-9667","1":"product","2":"type-product","3":"status-publish","4":"has-post-thumbnail","6":"product_cat-petrogen","8":"first","9":"instock","10":"shipping-taxable","11":"product-type-simple"},"acf":[],"_links":{"self":[{"href":"https:\/\/lubricants.a2zautoexpress.com\/fr\/wp-json\/wp\/v2\/product\/9667","targetHints":{"allow":["GET"]}}],"collection":[{"href":"https:\/\/lubricants.a2zautoexpress.com\/fr\/wp-json\/wp\/v2\/product"}],"about":[{"href":"https:\/\/lubricants.a2zautoexpress.com\/fr\/wp-json\/wp\/v2\/types\/product"}],"wp:featuredmedia":[{"embeddable":true,"href":"https:\/\/lubricants.a2zautoexpress.com\/fr\/wp-json\/wp\/v2\/media\/9668"}],"wp:attachment":[{"href":"https:\/\/lubricants.a2zautoexpress.com\/fr\/wp-json\/wp\/v2\/media?parent=9667"}],"wp:term":[{"taxonomy":"product_brand","embeddable":true,"href":"https:\/\/lubricants.a2zautoexpress.com\/fr\/wp-json\/wp\/v2\/product_brand?post=9667"},{"taxonomy":"product_cat","embeddable":true,"href":"https:\/\/lubricants.a2zautoexpress.com\/fr\/wp-json\/wp\/v2\/product_cat?post=9667"},{"taxonomy":"product_tag","embeddable":true,"href":"https:\/\/lubricants.a2zautoexpress.com\/fr\/wp-json\/wp\/v2\/product_tag?post=9667"}],"curies":[{"name":"wp","href":"https:\/\/api.w.org\/{rel}","templated":true}]}}