{"id":9665,"date":"2025-08-08T14:06:50","date_gmt":"2025-08-08T14:06:50","guid":{"rendered":"https:\/\/lubricants.a2zautoexpress.com\/product\/gp-10w40-api-sm\/"},"modified":"2025-09-24T20:46:05","modified_gmt":"2025-09-24T20:46:05","slug":"gp-10w40-api-sm","status":"publish","type":"product","link":"https:\/\/lubricants.a2zautoexpress.com\/fr\/produit\/gp-10w40-api-sm\/","title":{"rendered":"GP 10W40 API SM"},"content":{"rendered":"","protected":false},"excerpt":{"rendered":"<p><strong>GP PETROGEN PREMIUM 10W40 API SM<\/strong> est une huile moteur multigrade sp\u00e9cialement con\u00e7ue pour offrir une protection sup\u00e9rieure du moteur et d&#8217;excellentes performances pour les moteurs fonctionnant dans les conditions de conduite les plus extr\u00eames et les plus exigeantes.<\/p>\n<p>Elle est exclusivement formul\u00e9e avec des huiles de base non conventionnelles de qualit\u00e9 sup\u00e9rieure et renforc\u00e9e par des stocks de base synth\u00e9tiques et un syst\u00e8me d&#8217;additifs avanc\u00e9.<\/p>\n","protected":false},"featured_media":9666,"template":"","meta":{"_acf_changed":false},"product_brand":[],"product_cat":[71],"product_tag":[],"class_list":{"0":"post-9665","1":"product","2":"type-product","3":"status-publish","4":"has-post-thumbnail","6":"product_cat-petrogen","8":"first","9":"instock","10":"shipping-taxable","11":"product-type-simple"},"acf":[],"_links":{"self":[{"href":"https:\/\/lubricants.a2zautoexpress.com\/fr\/wp-json\/wp\/v2\/product\/9665","targetHints":{"allow":["GET"]}}],"collection":[{"href":"https:\/\/lubricants.a2zautoexpress.com\/fr\/wp-json\/wp\/v2\/product"}],"about":[{"href":"https:\/\/lubricants.a2zautoexpress.com\/fr\/wp-json\/wp\/v2\/types\/product"}],"wp:featuredmedia":[{"embeddable":true,"href":"https:\/\/lubricants.a2zautoexpress.com\/fr\/wp-json\/wp\/v2\/media\/9666"}],"wp:attachment":[{"href":"https:\/\/lubricants.a2zautoexpress.com\/fr\/wp-json\/wp\/v2\/media?parent=9665"}],"wp:term":[{"taxonomy":"product_brand","embeddable":true,"href":"https:\/\/lubricants.a2zautoexpress.com\/fr\/wp-json\/wp\/v2\/product_brand?post=9665"},{"taxonomy":"product_cat","embeddable":true,"href":"https:\/\/lubricants.a2zautoexpress.com\/fr\/wp-json\/wp\/v2\/product_cat?post=9665"},{"taxonomy":"product_tag","embeddable":true,"href":"https:\/\/lubricants.a2zautoexpress.com\/fr\/wp-json\/wp\/v2\/product_tag?post=9665"}],"curies":[{"name":"wp","href":"https:\/\/api.w.org\/{rel}","templated":true}]}}