{"id":9663,"date":"2025-08-07T18:09:58","date_gmt":"2025-08-07T18:09:58","guid":{"rendered":"https:\/\/lubricants.a2zautoexpress.com\/product\/gp-petrogen-0w16-api-sp\/"},"modified":"2025-09-24T20:46:18","modified_gmt":"2025-09-24T20:46:18","slug":"gp-petrogen-0w16-api-sp","status":"publish","type":"product","link":"https:\/\/lubricants.a2zautoexpress.com\/fr\/produit\/gp-petrogen-0w16-api-sp\/","title":{"rendered":"GP PETROGEN 0W16 API SP"},"content":{"rendered":"","protected":false},"excerpt":{"rendered":"<p><span class=\"fontstyle0\">GP PETROGEN ENTI\u00c8REMENT SYNTH\u00c9TIQUE 0W16 API SP <\/span><span class=\"fontstyle2\">est une huile moteur enti\u00e8rement synth\u00e9tique con\u00e7ue pour une acc\u00e9l\u00e9ration plus fluide et offre une protection exceptionnelle contre l&#8217;usure du moteur, m\u00eame dans les conditions de conduite les plus exigeantes. Pour r\u00e9pondre aux exigences des v\u00e9hicules les plus avanc\u00e9s d&#8217;aujourd&#8217;hui \u2013 y compris les moteurs turbo de cylindr\u00e9e r\u00e9duite<br \/>\nsujets aux dommages caus\u00e9s par le LSPI \u2013 les produits GP Petrogen enti\u00e8rement synth\u00e9tiques ont d\u00e9j\u00e0 \u00e9t\u00e9 test\u00e9s et approuv\u00e9s selon les sp\u00e9cifications API SP et ILSAC GF-6B.<\/span><\/p>\n","protected":false},"featured_media":9664,"template":"","meta":{"_acf_changed":false},"product_brand":[],"product_cat":[71],"product_tag":[],"class_list":{"0":"post-9663","1":"product","2":"type-product","3":"status-publish","4":"has-post-thumbnail","6":"product_cat-petrogen","8":"first","9":"instock","10":"shipping-taxable","11":"product-type-simple"},"acf":[],"_links":{"self":[{"href":"https:\/\/lubricants.a2zautoexpress.com\/fr\/wp-json\/wp\/v2\/product\/9663","targetHints":{"allow":["GET"]}}],"collection":[{"href":"https:\/\/lubricants.a2zautoexpress.com\/fr\/wp-json\/wp\/v2\/product"}],"about":[{"href":"https:\/\/lubricants.a2zautoexpress.com\/fr\/wp-json\/wp\/v2\/types\/product"}],"wp:featuredmedia":[{"embeddable":true,"href":"https:\/\/lubricants.a2zautoexpress.com\/fr\/wp-json\/wp\/v2\/media\/9664"}],"wp:attachment":[{"href":"https:\/\/lubricants.a2zautoexpress.com\/fr\/wp-json\/wp\/v2\/media?parent=9663"}],"wp:term":[{"taxonomy":"product_brand","embeddable":true,"href":"https:\/\/lubricants.a2zautoexpress.com\/fr\/wp-json\/wp\/v2\/product_brand?post=9663"},{"taxonomy":"product_cat","embeddable":true,"href":"https:\/\/lubricants.a2zautoexpress.com\/fr\/wp-json\/wp\/v2\/product_cat?post=9663"},{"taxonomy":"product_tag","embeddable":true,"href":"https:\/\/lubricants.a2zautoexpress.com\/fr\/wp-json\/wp\/v2\/product_tag?post=9663"}],"curies":[{"name":"wp","href":"https:\/\/api.w.org\/{rel}","templated":true}]}}