{"id":9662,"date":"2025-08-08T14:19:20","date_gmt":"2025-08-08T14:19:20","guid":{"rendered":"https:\/\/lubricants.a2zautoexpress.com\/product\/gp-premium-20w50-api-sl-cf\/"},"modified":"2025-09-24T20:45:25","modified_gmt":"2025-09-24T20:45:25","slug":"gp-premium-20w50-api-sl-cf","status":"publish","type":"product","link":"https:\/\/lubricants.a2zautoexpress.com\/fr\/produit\/gp-premium-20w50-api-sl-cf\/","title":{"rendered":"GP PREMIUM 20W50 API SL\/CF"},"content":{"rendered":"","protected":false},"excerpt":{"rendered":"<p><strong>GP PETROGEN PREMIUM 20W50 SL\/CF<\/strong> est une huile moteur de qualit\u00e9 sup\u00e9rieure formul\u00e9e \u00e0 partir d&#8217;huiles de base hautement raffin\u00e9es et d&#8217;une technologie d&#8217;additifs de pointe. Elle est recommand\u00e9e pour la plupart des voitures modernes \u00e0 haute puissance, des fourgonnettes et des camions l\u00e9gers, y compris ceux \u00e9quip\u00e9s de techniques multisoupapes et les v\u00e9hicules avec ou sans convertisseurs catalytiques, fonctionnant dans les conditions de conduite les plus s\u00e9v\u00e8res.<\/p>\n","protected":false},"featured_media":9562,"template":"","meta":{"_acf_changed":false},"product_brand":[],"product_cat":[71],"product_tag":[],"class_list":{"0":"post-9662","1":"product","2":"type-product","3":"status-publish","4":"has-post-thumbnail","6":"product_cat-petrogen","8":"first","9":"instock","10":"shipping-taxable","11":"product-type-simple"},"acf":[],"_links":{"self":[{"href":"https:\/\/lubricants.a2zautoexpress.com\/fr\/wp-json\/wp\/v2\/product\/9662","targetHints":{"allow":["GET"]}}],"collection":[{"href":"https:\/\/lubricants.a2zautoexpress.com\/fr\/wp-json\/wp\/v2\/product"}],"about":[{"href":"https:\/\/lubricants.a2zautoexpress.com\/fr\/wp-json\/wp\/v2\/types\/product"}],"wp:featuredmedia":[{"embeddable":true,"href":"https:\/\/lubricants.a2zautoexpress.com\/fr\/wp-json\/wp\/v2\/media\/9562"}],"wp:attachment":[{"href":"https:\/\/lubricants.a2zautoexpress.com\/fr\/wp-json\/wp\/v2\/media?parent=9662"}],"wp:term":[{"taxonomy":"product_brand","embeddable":true,"href":"https:\/\/lubricants.a2zautoexpress.com\/fr\/wp-json\/wp\/v2\/product_brand?post=9662"},{"taxonomy":"product_cat","embeddable":true,"href":"https:\/\/lubricants.a2zautoexpress.com\/fr\/wp-json\/wp\/v2\/product_cat?post=9662"},{"taxonomy":"product_tag","embeddable":true,"href":"https:\/\/lubricants.a2zautoexpress.com\/fr\/wp-json\/wp\/v2\/product_tag?post=9662"}],"curies":[{"name":"wp","href":"https:\/\/api.w.org\/{rel}","templated":true}]}}