{"id":9658,"date":"2025-08-08T17:03:44","date_gmt":"2025-08-08T17:03:44","guid":{"rendered":"https:\/\/lubricants.a2zautoexpress.com\/product\/gp-deogen-premium-15w40-ci4-sl\/"},"modified":"2025-09-24T20:41:47","modified_gmt":"2025-09-24T20:41:47","slug":"gp-deogen-premium-15w40-ci4-sl","status":"publish","type":"product","link":"https:\/\/lubricants.a2zautoexpress.com\/fr\/produit\/gp-deogen-premium-15w40-ci4-sl\/","title":{"rendered":"GP DEOGEN PREMIUM 15W40 CI4\/SL"},"content":{"rendered":"","protected":false},"excerpt":{"rendered":"<p><strong>GP DEOGEN PREMIUM 15W40 CI4\/SL <\/strong>est une huile moteur diesel haute performance multigrade sp\u00e9cialement d\u00e9velopp\u00e9e pour une utilisation dans les moteurs diesel modernes \u00e0 faibles \u00e9missions, y compris ceux \u00e9quip\u00e9s de syst\u00e8mes de recirculation des gaz d&#8217;\u00e9chappement (EGR). Elle est sp\u00e9cialement formul\u00e9e avec des huiles de base min\u00e9rales premium hautement raffin\u00e9es et des additifs de haute qualit\u00e9 pour les v\u00e9hicules et \u00e9quipements fonctionnant sous charge lourde et dans des conditions d&#8217;exploitation difficiles sur de longues distances. Ce produit r\u00e9pond aux derni\u00e8res exigences de tous les principaux constructeurs de moteurs europ\u00e9ens, am\u00e9ricains et japonais et offre une dur\u00e9e de vie exceptionnelle et prolong\u00e9e aux moteurs diesel fonctionnant au diesel \u00e0 faible ou forte teneur en soufre.<\/p>\n<div class=\"downloads\"><\/div>\n","protected":false},"featured_media":9659,"template":"","meta":{"_acf_changed":false},"product_brand":[],"product_cat":[70],"product_tag":[],"class_list":{"0":"post-9658","1":"product","2":"type-product","3":"status-publish","4":"has-post-thumbnail","6":"product_cat-deogen","8":"first","9":"instock","10":"shipping-taxable","11":"product-type-simple"},"acf":[],"_links":{"self":[{"href":"https:\/\/lubricants.a2zautoexpress.com\/fr\/wp-json\/wp\/v2\/product\/9658","targetHints":{"allow":["GET"]}}],"collection":[{"href":"https:\/\/lubricants.a2zautoexpress.com\/fr\/wp-json\/wp\/v2\/product"}],"about":[{"href":"https:\/\/lubricants.a2zautoexpress.com\/fr\/wp-json\/wp\/v2\/types\/product"}],"wp:featuredmedia":[{"embeddable":true,"href":"https:\/\/lubricants.a2zautoexpress.com\/fr\/wp-json\/wp\/v2\/media\/9659"}],"wp:attachment":[{"href":"https:\/\/lubricants.a2zautoexpress.com\/fr\/wp-json\/wp\/v2\/media?parent=9658"}],"wp:term":[{"taxonomy":"product_brand","embeddable":true,"href":"https:\/\/lubricants.a2zautoexpress.com\/fr\/wp-json\/wp\/v2\/product_brand?post=9658"},{"taxonomy":"product_cat","embeddable":true,"href":"https:\/\/lubricants.a2zautoexpress.com\/fr\/wp-json\/wp\/v2\/product_cat?post=9658"},{"taxonomy":"product_tag","embeddable":true,"href":"https:\/\/lubricants.a2zautoexpress.com\/fr\/wp-json\/wp\/v2\/product_tag?post=9658"}],"curies":[{"name":"wp","href":"https:\/\/api.w.org\/{rel}","templated":true}]}}