{"id":9650,"date":"2025-08-08T16:59:29","date_gmt":"2025-08-08T16:59:29","guid":{"rendered":"https:\/\/lubricants.a2zautoexpress.com\/product\/gp-deogen-semi-synthetique-10w40-api-cf-4\/"},"modified":"2025-09-24T20:42:13","modified_gmt":"2025-09-24T20:42:13","slug":"gp-deogen-semi-synthetique-10w40-api-cf-4","status":"publish","type":"product","link":"https:\/\/lubricants.a2zautoexpress.com\/fr\/produit\/gp-deogen-semi-synthetique-10w40-api-cf-4\/","title":{"rendered":"GP DEOGEN SEMI SYNTH\u00c9TIQUE 10W40 API CF-4"},"content":{"rendered":"","protected":false},"excerpt":{"rendered":"<p><span class=\"fontstyle0\">GP DEOGEN Semi Synth\u00e9tique est une huile moteur diesel haute performance sp\u00e9cialement formul\u00e9e pour<br \/>\nr\u00e9pondre aux besoins des moteurs haute puissance. Dot\u00e9e d&#8217;un syst\u00e8me de d\u00e9tergent actif pour maintenir les pistons<br \/>\net autres pi\u00e8ces du moteur propres, elle offre ainsi une protection contre l&#8217;usure pour une longue dur\u00e9e de vie du moteur et<br \/>\nune protection contre les d\u00e9p\u00f4ts pour des performances moteur efficaces. Il s&#8217;agit d&#8217;huiles moteur diesel sp\u00e9cialement<br \/>\ncon\u00e7ues pour r\u00e9pondre aux exigences des moteurs produits par tous les fabricants aux \u00c9tats-Unis, en Europe et au<br \/>\nJapon.<\/span><\/p>\n<div class=\"downloads\"><\/div>\n","protected":false},"featured_media":9653,"template":"","meta":{"_acf_changed":false},"product_brand":[],"product_cat":[70],"product_tag":[],"class_list":{"0":"post-9650","1":"product","2":"type-product","3":"status-publish","4":"has-post-thumbnail","6":"product_cat-deogen","8":"first","9":"instock","10":"shipping-taxable","11":"product-type-simple"},"acf":[],"_links":{"self":[{"href":"https:\/\/lubricants.a2zautoexpress.com\/fr\/wp-json\/wp\/v2\/product\/9650","targetHints":{"allow":["GET"]}}],"collection":[{"href":"https:\/\/lubricants.a2zautoexpress.com\/fr\/wp-json\/wp\/v2\/product"}],"about":[{"href":"https:\/\/lubricants.a2zautoexpress.com\/fr\/wp-json\/wp\/v2\/types\/product"}],"wp:featuredmedia":[{"embeddable":true,"href":"https:\/\/lubricants.a2zautoexpress.com\/fr\/wp-json\/wp\/v2\/media\/9653"}],"wp:attachment":[{"href":"https:\/\/lubricants.a2zautoexpress.com\/fr\/wp-json\/wp\/v2\/media?parent=9650"}],"wp:term":[{"taxonomy":"product_brand","embeddable":true,"href":"https:\/\/lubricants.a2zautoexpress.com\/fr\/wp-json\/wp\/v2\/product_brand?post=9650"},{"taxonomy":"product_cat","embeddable":true,"href":"https:\/\/lubricants.a2zautoexpress.com\/fr\/wp-json\/wp\/v2\/product_cat?post=9650"},{"taxonomy":"product_tag","embeddable":true,"href":"https:\/\/lubricants.a2zautoexpress.com\/fr\/wp-json\/wp\/v2\/product_tag?post=9650"}],"curies":[{"name":"wp","href":"https:\/\/api.w.org\/{rel}","templated":true}]}}