{"id":9649,"date":"2025-08-08T14:30:43","date_gmt":"2025-08-08T14:30:43","guid":{"rendered":"https:\/\/lubricants.a2zautoexpress.com\/product\/gp-petrogen-5w30-api-sl-cf\/"},"modified":"2025-09-24T20:44:19","modified_gmt":"2025-09-24T20:44:19","slug":"gp-petrogen-5w30-api-sl-cf","status":"publish","type":"product","link":"https:\/\/lubricants.a2zautoexpress.com\/fr\/produit\/gp-petrogen-5w30-api-sl-cf\/","title":{"rendered":"GP PETROGEN 5W30 API SL\/CF"},"content":{"rendered":"","protected":false},"excerpt":{"rendered":"<p><span class=\"fontstyle0\">PETROGEN SYNTHETIC 5W30 SL\/CF est une huile moteur de qualit\u00e9 sup\u00e9rieure formul\u00e9e \u00e0 partir d&#8217;huiles de base hautement raffin\u00e9es et d&#8217;une technologie d&#8217;additifs de pointe. Il est recommand\u00e9 pour une utilisation sur la plupart des voitures, camionnettes et camions l\u00e9gers modernes et de haute puissance, y compris ceux dot\u00e9s de techniques multi-soupapes et les v\u00e9hicules \u00e9quip\u00e9s ou non de convertisseurs catalytiques, fonctionnant dans les conditions de conduite les plus difficiles. <\/span><\/p>\n<div class=\"downloads\"><\/div>\n","protected":false},"featured_media":9558,"template":"","meta":{"_acf_changed":false},"product_brand":[],"product_cat":[71],"product_tag":[],"class_list":{"0":"post-9649","1":"product","2":"type-product","3":"status-publish","4":"has-post-thumbnail","6":"product_cat-petrogen","8":"first","9":"instock","10":"shipping-taxable","11":"product-type-simple"},"acf":[],"_links":{"self":[{"href":"https:\/\/lubricants.a2zautoexpress.com\/fr\/wp-json\/wp\/v2\/product\/9649","targetHints":{"allow":["GET"]}}],"collection":[{"href":"https:\/\/lubricants.a2zautoexpress.com\/fr\/wp-json\/wp\/v2\/product"}],"about":[{"href":"https:\/\/lubricants.a2zautoexpress.com\/fr\/wp-json\/wp\/v2\/types\/product"}],"wp:featuredmedia":[{"embeddable":true,"href":"https:\/\/lubricants.a2zautoexpress.com\/fr\/wp-json\/wp\/v2\/media\/9558"}],"wp:attachment":[{"href":"https:\/\/lubricants.a2zautoexpress.com\/fr\/wp-json\/wp\/v2\/media?parent=9649"}],"wp:term":[{"taxonomy":"product_brand","embeddable":true,"href":"https:\/\/lubricants.a2zautoexpress.com\/fr\/wp-json\/wp\/v2\/product_brand?post=9649"},{"taxonomy":"product_cat","embeddable":true,"href":"https:\/\/lubricants.a2zautoexpress.com\/fr\/wp-json\/wp\/v2\/product_cat?post=9649"},{"taxonomy":"product_tag","embeddable":true,"href":"https:\/\/lubricants.a2zautoexpress.com\/fr\/wp-json\/wp\/v2\/product_tag?post=9649"}],"curies":[{"name":"wp","href":"https:\/\/api.w.org\/{rel}","templated":true}]}}