{"id":9647,"date":"2025-08-08T16:57:31","date_gmt":"2025-08-08T16:57:31","guid":{"rendered":"https:\/\/lubricants.a2zautoexpress.com\/product\/gp-deogen-10w30-api-ci-4-sl\/"},"modified":"2025-09-24T20:43:12","modified_gmt":"2025-09-24T20:43:12","slug":"gp-deogen-10w30-api-ci-4-sl","status":"publish","type":"product","link":"https:\/\/lubricants.a2zautoexpress.com\/fr\/produit\/gp-deogen-10w30-api-ci-4-sl\/","title":{"rendered":"GP DEOGEN 10W30 API CI-4\/SL"},"content":{"rendered":"","protected":false},"excerpt":{"rendered":"<p><strong>GP DEOGEN PREMIUM SAE 10W30 API CI-4\/SL<\/strong> est un m\u00e9lange d&#8217;huiles de base synth\u00e9tiques de premi\u00e8re qualit\u00e9, d&#8217;huiles min\u00e9rales et d&#8217;autres additifs s\u00e9lectionn\u00e9s, con\u00e7u pour offrir d&#8217;excellentes performances dans toutes les applications recommand\u00e9es. Cette huile moteur contient un d\u00e9tergent-dispersant efficace qui maintient les moteurs EGR tr\u00e8s propres. Elle est \u00e9galement enrichie d&#8217;inhibiteurs d&#8217;oxydation et de corrosion, d&#8217;inhibiteurs de mousse pour prot\u00e9ger les pi\u00e8ces vitales du moteur contre l&#8217;\u00e9raflure et l&#8217;usure et pour prot\u00e9ger les roulements contre la corrosion.<\/p>\n<div class=\"downloads\"><\/div>\n","protected":false},"featured_media":9648,"template":"","meta":{"_acf_changed":false},"product_brand":[],"product_cat":[70],"product_tag":[],"class_list":{"0":"post-9647","1":"product","2":"type-product","3":"status-publish","4":"has-post-thumbnail","6":"product_cat-deogen","8":"first","9":"instock","10":"shipping-taxable","11":"product-type-simple"},"acf":[],"_links":{"self":[{"href":"https:\/\/lubricants.a2zautoexpress.com\/fr\/wp-json\/wp\/v2\/product\/9647","targetHints":{"allow":["GET"]}}],"collection":[{"href":"https:\/\/lubricants.a2zautoexpress.com\/fr\/wp-json\/wp\/v2\/product"}],"about":[{"href":"https:\/\/lubricants.a2zautoexpress.com\/fr\/wp-json\/wp\/v2\/types\/product"}],"wp:featuredmedia":[{"embeddable":true,"href":"https:\/\/lubricants.a2zautoexpress.com\/fr\/wp-json\/wp\/v2\/media\/9648"}],"wp:attachment":[{"href":"https:\/\/lubricants.a2zautoexpress.com\/fr\/wp-json\/wp\/v2\/media?parent=9647"}],"wp:term":[{"taxonomy":"product_brand","embeddable":true,"href":"https:\/\/lubricants.a2zautoexpress.com\/fr\/wp-json\/wp\/v2\/product_brand?post=9647"},{"taxonomy":"product_cat","embeddable":true,"href":"https:\/\/lubricants.a2zautoexpress.com\/fr\/wp-json\/wp\/v2\/product_cat?post=9647"},{"taxonomy":"product_tag","embeddable":true,"href":"https:\/\/lubricants.a2zautoexpress.com\/fr\/wp-json\/wp\/v2\/product_tag?post=9647"}],"curies":[{"name":"wp","href":"https:\/\/api.w.org\/{rel}","templated":true}]}}