{"id":9646,"date":"2025-08-08T14:24:26","date_gmt":"2025-08-08T14:24:26","guid":{"rendered":"https:\/\/lubricants.a2zautoexpress.com\/product\/gp-20w50-api-sg-sf-cf\/"},"modified":"2025-09-24T20:44:56","modified_gmt":"2025-09-24T20:44:56","slug":"gp-20w50-api-sg-sf-cf","status":"publish","type":"product","link":"https:\/\/lubricants.a2zautoexpress.com\/fr\/produit\/gp-20w50-api-sg-sf-cf\/","title":{"rendered":"GP 20W50 API SG\/SF\/CF"},"content":{"rendered":"","protected":false},"excerpt":{"rendered":"<p><strong>GP PETROGEN STANDARD 20W50 API SG\/SF\/CF<\/strong> est formul\u00e9 avec des huiles de base de haute qualit\u00e9 et un syst\u00e8me d&#8217;additifs \u00e9quilibr\u00e9 pour fournir un niveau \u00e9lev\u00e9 de protection et de performance du moteur. Il travaille plus dur que les autres huiles moteur conventionnelles en emp\u00eachant continuellement l&#8217;accumulation de salet\u00e9 et de boues et en r\u00e9duisant le bruit du moteur.<\/p>\n<p>Ce produit r\u00e9pond aux exigences de la plupart des constructeurs automobiles et convient aux services standard.<\/p>\n<div class=\"downloads\"><\/div>\n","protected":false},"featured_media":9560,"template":"","meta":{"_acf_changed":false},"product_brand":[],"product_cat":[71],"product_tag":[],"class_list":{"0":"post-9646","1":"product","2":"type-product","3":"status-publish","4":"has-post-thumbnail","6":"product_cat-petrogen","8":"first","9":"instock","10":"shipping-taxable","11":"product-type-simple"},"acf":[],"_links":{"self":[{"href":"https:\/\/lubricants.a2zautoexpress.com\/fr\/wp-json\/wp\/v2\/product\/9646","targetHints":{"allow":["GET"]}}],"collection":[{"href":"https:\/\/lubricants.a2zautoexpress.com\/fr\/wp-json\/wp\/v2\/product"}],"about":[{"href":"https:\/\/lubricants.a2zautoexpress.com\/fr\/wp-json\/wp\/v2\/types\/product"}],"wp:featuredmedia":[{"embeddable":true,"href":"https:\/\/lubricants.a2zautoexpress.com\/fr\/wp-json\/wp\/v2\/media\/9560"}],"wp:attachment":[{"href":"https:\/\/lubricants.a2zautoexpress.com\/fr\/wp-json\/wp\/v2\/media?parent=9646"}],"wp:term":[{"taxonomy":"product_brand","embeddable":true,"href":"https:\/\/lubricants.a2zautoexpress.com\/fr\/wp-json\/wp\/v2\/product_brand?post=9646"},{"taxonomy":"product_cat","embeddable":true,"href":"https:\/\/lubricants.a2zautoexpress.com\/fr\/wp-json\/wp\/v2\/product_cat?post=9646"},{"taxonomy":"product_tag","embeddable":true,"href":"https:\/\/lubricants.a2zautoexpress.com\/fr\/wp-json\/wp\/v2\/product_tag?post=9646"}],"curies":[{"name":"wp","href":"https:\/\/api.w.org\/{rel}","templated":true}]}}