{"id":9645,"date":"2025-08-08T14:22:48","date_gmt":"2025-08-08T14:22:48","guid":{"rendered":"https:\/\/lubricants.a2zautoexpress.com\/product\/gp-20w50-api-sj-cf\/"},"modified":"2025-09-24T20:45:11","modified_gmt":"2025-09-24T20:45:11","slug":"gp-20w50-api-sj-cf","status":"publish","type":"product","link":"https:\/\/lubricants.a2zautoexpress.com\/fr\/produit\/gp-20w50-api-sj-cf\/","title":{"rendered":"GP 20W50 API SJ\/CF"},"content":{"rendered":"","protected":false},"excerpt":{"rendered":"<p><strong>GP PETROGEN STANDARD 20W50 API SJ\/CF<\/strong> est une huile moteur min\u00e9rale haute performance pour voitures particuli\u00e8res, formul\u00e9e \u00e0 partir de la technologie d&#8217;additifs la plus r\u00e9cente et d&#8217;huiles de base min\u00e9rales soigneusement s\u00e9lectionn\u00e9es. Elle a \u00e9t\u00e9 sp\u00e9cialement d\u00e9velopp\u00e9e pour une utilisation dans les moteurs essence et diesel \u00e0 aspiration naturelle ou turbocompress\u00e9s, ainsi que pour les flottes mixtes avec des v\u00e9hicules \u00e0 moteur essence et diesel.<\/p>\n<div class=\"downloads\"><\/div>\n","protected":false},"featured_media":9561,"template":"","meta":{"_acf_changed":false},"product_brand":[],"product_cat":[71],"product_tag":[],"class_list":{"0":"post-9645","1":"product","2":"type-product","3":"status-publish","4":"has-post-thumbnail","6":"product_cat-petrogen","8":"first","9":"instock","10":"shipping-taxable","11":"product-type-simple"},"acf":[],"_links":{"self":[{"href":"https:\/\/lubricants.a2zautoexpress.com\/fr\/wp-json\/wp\/v2\/product\/9645","targetHints":{"allow":["GET"]}}],"collection":[{"href":"https:\/\/lubricants.a2zautoexpress.com\/fr\/wp-json\/wp\/v2\/product"}],"about":[{"href":"https:\/\/lubricants.a2zautoexpress.com\/fr\/wp-json\/wp\/v2\/types\/product"}],"wp:featuredmedia":[{"embeddable":true,"href":"https:\/\/lubricants.a2zautoexpress.com\/fr\/wp-json\/wp\/v2\/media\/9561"}],"wp:attachment":[{"href":"https:\/\/lubricants.a2zautoexpress.com\/fr\/wp-json\/wp\/v2\/media?parent=9645"}],"wp:term":[{"taxonomy":"product_brand","embeddable":true,"href":"https:\/\/lubricants.a2zautoexpress.com\/fr\/wp-json\/wp\/v2\/product_brand?post=9645"},{"taxonomy":"product_cat","embeddable":true,"href":"https:\/\/lubricants.a2zautoexpress.com\/fr\/wp-json\/wp\/v2\/product_cat?post=9645"},{"taxonomy":"product_tag","embeddable":true,"href":"https:\/\/lubricants.a2zautoexpress.com\/fr\/wp-json\/wp\/v2\/product_tag?post=9645"}],"curies":[{"name":"wp","href":"https:\/\/api.w.org\/{rel}","templated":true}]}}