{"id":9643,"date":"2025-08-08T17:08:26","date_gmt":"2025-08-08T17:08:26","guid":{"rendered":"https:\/\/lubricants.a2zautoexpress.com\/product\/gp-deogen-premium-15w40-cj-4\/"},"modified":"2025-09-24T20:41:20","modified_gmt":"2025-09-24T20:41:20","slug":"gp-deogen-premium-15w40-cj-4","status":"publish","type":"product","link":"https:\/\/lubricants.a2zautoexpress.com\/fr\/produit\/gp-deogen-premium-15w40-cj-4\/","title":{"rendered":"GP DEOGEN PREMIUM 15W40 CJ-4"},"content":{"rendered":"","protected":false},"excerpt":{"rendered":"<p><strong>GP DEOGEN PREMIUM 15W-40<\/strong> est le choix premium pour l&#8217;huile diesel de qualit\u00e9 \u00e9mission API CJ-4 requise pour les moteurs diesel plus r\u00e9cents, ainsi que pour les applications diesel plus anciennes (y compris celles \u00e9quip\u00e9es de turbocompresseurs). Il offre une lubrification extraordinaire dans les moteurs diesel que l&#8217;on trouve dans les v\u00e9hicules commerciaux, de flotte et personnels. Formul\u00e9 avec la derni\u00e8re technologie d&#8217;additifs et d&#8217;huile de base synth\u00e9tique.<\/p>\n<div class=\"downloads\"><\/div>\n","protected":false},"featured_media":9644,"template":"","meta":{"_acf_changed":false},"product_brand":[],"product_cat":[70],"product_tag":[],"class_list":{"0":"post-9643","1":"product","2":"type-product","3":"status-publish","4":"has-post-thumbnail","6":"product_cat-deogen","8":"first","9":"instock","10":"shipping-taxable","11":"product-type-simple"},"acf":[],"_links":{"self":[{"href":"https:\/\/lubricants.a2zautoexpress.com\/fr\/wp-json\/wp\/v2\/product\/9643","targetHints":{"allow":["GET"]}}],"collection":[{"href":"https:\/\/lubricants.a2zautoexpress.com\/fr\/wp-json\/wp\/v2\/product"}],"about":[{"href":"https:\/\/lubricants.a2zautoexpress.com\/fr\/wp-json\/wp\/v2\/types\/product"}],"wp:featuredmedia":[{"embeddable":true,"href":"https:\/\/lubricants.a2zautoexpress.com\/fr\/wp-json\/wp\/v2\/media\/9644"}],"wp:attachment":[{"href":"https:\/\/lubricants.a2zautoexpress.com\/fr\/wp-json\/wp\/v2\/media?parent=9643"}],"wp:term":[{"taxonomy":"product_brand","embeddable":true,"href":"https:\/\/lubricants.a2zautoexpress.com\/fr\/wp-json\/wp\/v2\/product_brand?post=9643"},{"taxonomy":"product_cat","embeddable":true,"href":"https:\/\/lubricants.a2zautoexpress.com\/fr\/wp-json\/wp\/v2\/product_cat?post=9643"},{"taxonomy":"product_tag","embeddable":true,"href":"https:\/\/lubricants.a2zautoexpress.com\/fr\/wp-json\/wp\/v2\/product_tag?post=9643"}],"curies":[{"name":"wp","href":"https:\/\/api.w.org\/{rel}","templated":true}]}}