{"id":9640,"date":"2025-08-08T17:06:18","date_gmt":"2025-08-08T17:06:18","guid":{"rendered":"https:\/\/lubricants.a2zautoexpress.com\/product\/gp-deogen-premium-sae-15w40-api-ci-4\/"},"modified":"2025-09-24T20:41:33","modified_gmt":"2025-09-24T20:41:33","slug":"gp-deogen-premium-sae-15w40-api-ci-4","status":"publish","type":"product","link":"https:\/\/lubricants.a2zautoexpress.com\/fr\/produit\/gp-deogen-premium-sae-15w40-api-ci-4\/","title":{"rendered":"GP DEOGEN PREMIUM SAE 15W40 API CI-4"},"content":{"rendered":"","protected":false},"excerpt":{"rendered":"<p><strong><span class=\"fontstyle0\">DEOGEN PREMIUM 15W40 CI4<\/span><\/strong> <span class=\"fontstyle0\">est une huile moteur diesel multigrade haute performance pour service intensif<br \/>\nsp\u00e9cialement con\u00e7ue pour une utilisation dans les moteurs diesel modernes \u00e0 faibles \u00e9missions, y compris ceux \u00e9quip\u00e9s de syst\u00e8mes de<br \/>\nrecirculation des gaz d\u2019\u00e9chappement (EGR). Elle est sp\u00e9cialement formul\u00e9e avec des huiles de base min\u00e9rales de premi\u00e8re qualit\u00e9 et hautement<br \/>\nraffin\u00e9es et des additifs de haute qualit\u00e9 pour les v\u00e9hicules et \u00e9quipements fonctionnant<br \/>\ndans des conditions de charge lourde et de distance difficiles. Ce produit r\u00e9pond aux derni\u00e8res<br \/>\nexigences de tous les principaux fabricants de moteurs europ\u00e9ens, am\u00e9ricains et japonais et offre une dur\u00e9e de vie<br \/>\nexceptionnelle et prolong\u00e9e aux moteurs diesel fonctionnant au diesel \u00e0 faible ou haute teneur en soufre.<\/span><\/p>\n","protected":false},"featured_media":9642,"template":"","meta":{"_acf_changed":false},"product_brand":[],"product_cat":[70],"product_tag":[],"class_list":{"0":"post-9640","1":"product","2":"type-product","3":"status-publish","4":"has-post-thumbnail","6":"product_cat-deogen","8":"first","9":"instock","10":"shipping-taxable","11":"product-type-simple"},"acf":[],"_links":{"self":[{"href":"https:\/\/lubricants.a2zautoexpress.com\/fr\/wp-json\/wp\/v2\/product\/9640","targetHints":{"allow":["GET"]}}],"collection":[{"href":"https:\/\/lubricants.a2zautoexpress.com\/fr\/wp-json\/wp\/v2\/product"}],"about":[{"href":"https:\/\/lubricants.a2zautoexpress.com\/fr\/wp-json\/wp\/v2\/types\/product"}],"wp:featuredmedia":[{"embeddable":true,"href":"https:\/\/lubricants.a2zautoexpress.com\/fr\/wp-json\/wp\/v2\/media\/9642"}],"wp:attachment":[{"href":"https:\/\/lubricants.a2zautoexpress.com\/fr\/wp-json\/wp\/v2\/media?parent=9640"}],"wp:term":[{"taxonomy":"product_brand","embeddable":true,"href":"https:\/\/lubricants.a2zautoexpress.com\/fr\/wp-json\/wp\/v2\/product_brand?post=9640"},{"taxonomy":"product_cat","embeddable":true,"href":"https:\/\/lubricants.a2zautoexpress.com\/fr\/wp-json\/wp\/v2\/product_cat?post=9640"},{"taxonomy":"product_tag","embeddable":true,"href":"https:\/\/lubricants.a2zautoexpress.com\/fr\/wp-json\/wp\/v2\/product_tag?post=9640"}],"curies":[{"name":"wp","href":"https:\/\/api.w.org\/{rel}","templated":true}]}}