{"id":9637,"date":"2025-08-08T17:13:36","date_gmt":"2025-08-08T17:13:36","guid":{"rendered":"https:\/\/lubricants.a2zautoexpress.com\/product\/gp-premium-20w50-api-cf-4\/"},"modified":"2025-09-24T20:40:36","modified_gmt":"2025-09-24T20:40:36","slug":"gp-premium-20w50-api-cf-4","status":"publish","type":"product","link":"https:\/\/lubricants.a2zautoexpress.com\/fr\/produit\/gp-premium-20w50-api-cf-4\/","title":{"rendered":"GP PREMIUM 20W50 API CF-4"},"content":{"rendered":"","protected":false},"excerpt":{"rendered":"<p><strong>GP DEOGEN PREMIUM 20W50 CF-4<\/strong> est une huile moteur diesel haute performance qui respecte et d\u00e9passe la norme API CF-4 et qui est disponible dans un grade de viscosit\u00e9 stable au cisaillement. Ce lubrifiant a \u00e9t\u00e9 d\u00e9velopp\u00e9 pour avoir une longue dur\u00e9e de vie.<\/p>\n<p>Il est sp\u00e9cialement formul\u00e9 \u00e0 partir d\u2019huile de base de qualit\u00e9 sup\u00e9rieure, hautement raffin\u00e9e, ainsi que d\u2019additifs de technologie avanc\u00e9e pour fournir une performance fiable dans les derni\u00e8res conceptions d\u2019\u00e9missions, tout en satisfaisant les besoins des moteurs plus anciens.<\/p>\n<div class=\"downloads\"><\/div>\n","protected":false},"featured_media":9572,"template":"","meta":{"_acf_changed":false},"product_brand":[],"product_cat":[70],"product_tag":[],"class_list":{"0":"post-9637","1":"product","2":"type-product","3":"status-publish","4":"has-post-thumbnail","6":"product_cat-deogen","8":"first","9":"instock","10":"shipping-taxable","11":"product-type-simple"},"acf":[],"_links":{"self":[{"href":"https:\/\/lubricants.a2zautoexpress.com\/fr\/wp-json\/wp\/v2\/product\/9637","targetHints":{"allow":["GET"]}}],"collection":[{"href":"https:\/\/lubricants.a2zautoexpress.com\/fr\/wp-json\/wp\/v2\/product"}],"about":[{"href":"https:\/\/lubricants.a2zautoexpress.com\/fr\/wp-json\/wp\/v2\/types\/product"}],"wp:featuredmedia":[{"embeddable":true,"href":"https:\/\/lubricants.a2zautoexpress.com\/fr\/wp-json\/wp\/v2\/media\/9572"}],"wp:attachment":[{"href":"https:\/\/lubricants.a2zautoexpress.com\/fr\/wp-json\/wp\/v2\/media?parent=9637"}],"wp:term":[{"taxonomy":"product_brand","embeddable":true,"href":"https:\/\/lubricants.a2zautoexpress.com\/fr\/wp-json\/wp\/v2\/product_brand?post=9637"},{"taxonomy":"product_cat","embeddable":true,"href":"https:\/\/lubricants.a2zautoexpress.com\/fr\/wp-json\/wp\/v2\/product_cat?post=9637"},{"taxonomy":"product_tag","embeddable":true,"href":"https:\/\/lubricants.a2zautoexpress.com\/fr\/wp-json\/wp\/v2\/product_tag?post=9637"}],"curies":[{"name":"wp","href":"https:\/\/api.w.org\/{rel}","templated":true}]}}