{"id":9636,"date":"2025-08-08T17:11:40","date_gmt":"2025-08-08T17:11:40","guid":{"rendered":"https:\/\/lubricants.a2zautoexpress.com\/product\/gp-deogen-standard-15w40-api-cf-4\/"},"modified":"2025-09-24T20:40:50","modified_gmt":"2025-09-24T20:40:50","slug":"gp-deogen-standard-15w40-api-cf-4","status":"publish","type":"product","link":"https:\/\/lubricants.a2zautoexpress.com\/fr\/produit\/gp-deogen-standard-15w40-api-cf-4\/","title":{"rendered":"GP DEOGEN STANDARD 15W40 API CF-4"},"content":{"rendered":"","protected":false},"excerpt":{"rendered":"<p><strong>DEOGEN STANDARD 15W40 API CF-4 <\/strong>est une huile moteur diesel commerciale polyvalente de qualit\u00e9 sup\u00e9rieure, certifi\u00e9e API. Huile. L&#8217;huile est con\u00e7ue pour r\u00e9pondre aux exigences de performance les plus s\u00e9v\u00e8res des moteurs diesel turbocompress\u00e9s modernes hautement performants dans les applications de transport routier et \u00e9galement les op\u00e9rations hors route. Elle assure une protection exceptionnelle contre les d\u00e9p\u00f4ts moteur \u00e0 haute temp\u00e9rature, la d\u00e9gradation de l&#8217;huile, l&#8217;\u00e9paississement de l&#8217;huile et offre une r\u00e9sistance \u00e0 la corrosion.<\/p>\n<div class=\"downloads\"><\/div>\n","protected":false},"featured_media":9573,"template":"","meta":{"_acf_changed":false},"product_brand":[],"product_cat":[70],"product_tag":[],"class_list":{"0":"post-9636","1":"product","2":"type-product","3":"status-publish","4":"has-post-thumbnail","6":"product_cat-deogen","8":"first","9":"instock","10":"shipping-taxable","11":"product-type-simple"},"acf":[],"_links":{"self":[{"href":"https:\/\/lubricants.a2zautoexpress.com\/fr\/wp-json\/wp\/v2\/product\/9636","targetHints":{"allow":["GET"]}}],"collection":[{"href":"https:\/\/lubricants.a2zautoexpress.com\/fr\/wp-json\/wp\/v2\/product"}],"about":[{"href":"https:\/\/lubricants.a2zautoexpress.com\/fr\/wp-json\/wp\/v2\/types\/product"}],"wp:featuredmedia":[{"embeddable":true,"href":"https:\/\/lubricants.a2zautoexpress.com\/fr\/wp-json\/wp\/v2\/media\/9573"}],"wp:attachment":[{"href":"https:\/\/lubricants.a2zautoexpress.com\/fr\/wp-json\/wp\/v2\/media?parent=9636"}],"wp:term":[{"taxonomy":"product_brand","embeddable":true,"href":"https:\/\/lubricants.a2zautoexpress.com\/fr\/wp-json\/wp\/v2\/product_brand?post=9636"},{"taxonomy":"product_cat","embeddable":true,"href":"https:\/\/lubricants.a2zautoexpress.com\/fr\/wp-json\/wp\/v2\/product_cat?post=9636"},{"taxonomy":"product_tag","embeddable":true,"href":"https:\/\/lubricants.a2zautoexpress.com\/fr\/wp-json\/wp\/v2\/product_tag?post=9636"}],"curies":[{"name":"wp","href":"https:\/\/api.w.org\/{rel}","templated":true}]}}