{"id":9635,"date":"2025-08-08T17:25:20","date_gmt":"2025-08-08T17:25:20","guid":{"rendered":"https:\/\/lubricants.a2zautoexpress.com\/product\/gp-deogen-semi-synthetique-10w40-ck-4\/"},"modified":"2025-09-24T20:38:56","modified_gmt":"2025-09-24T20:38:56","slug":"gp-deogen-semi-synthetique-10w40-ck-4","status":"publish","type":"product","link":"https:\/\/lubricants.a2zautoexpress.com\/fr\/produit\/gp-deogen-semi-synthetique-10w40-ck-4\/","title":{"rendered":"GP DEOGEN SEMI SYNTH\u00c9TIQUE 10W40 CK-4"},"content":{"rendered":"","protected":false},"excerpt":{"rendered":"<p><span class=\"fontstyle0\">DEOGEN Semi Synth\u00e9tique 10W-40 est le choix premium pour l&#8217;huile diesel de qualit\u00e9 \u00e9mission API CK-4 requise pour les moteurs diesel plus r\u00e9cents, ainsi que pour les applications diesel plus anciennes (y compris celles \u00e9quip\u00e9es de turbocompresseurs). Elle offre une lubrification extraordinaire dans les moteurs diesel que l&#8217;on trouve dans les v\u00e9hicules commerciaux, de flotte et personnels. Formul\u00e9e avec la derni\u00e8re technologie d&#8217;additifs et d&#8217;huile de base synth\u00e9tique, DEOGEN Semi Synth\u00e9tique 10W-40 d\u00e9passe les exigences de performance plus \u00e9lev\u00e9es des moteurs modernes. Elle r\u00e9siste au stress de la chaleur, de la suie et des acides pour aider \u00e0 pr\u00e9venir les d\u00e9p\u00f4ts,<br \/>\nla corrosion et l&#8217;usure. Elle est compatible avec tous les dispositifs de traitement des gaz d&#8217;\u00e9chappement et offre des performances d&#8217;\u00e9conomie de carburant.<\/span><\/p>\n<div class=\"downloads\"><\/div>\n","protected":false},"featured_media":9568,"template":"","meta":{"_acf_changed":false},"product_brand":[],"product_cat":[70],"product_tag":[],"class_list":{"0":"post-9635","1":"product","2":"type-product","3":"status-publish","4":"has-post-thumbnail","6":"product_cat-deogen","8":"first","9":"instock","10":"shipping-taxable","11":"product-type-simple"},"acf":[],"_links":{"self":[{"href":"https:\/\/lubricants.a2zautoexpress.com\/fr\/wp-json\/wp\/v2\/product\/9635","targetHints":{"allow":["GET"]}}],"collection":[{"href":"https:\/\/lubricants.a2zautoexpress.com\/fr\/wp-json\/wp\/v2\/product"}],"about":[{"href":"https:\/\/lubricants.a2zautoexpress.com\/fr\/wp-json\/wp\/v2\/types\/product"}],"wp:featuredmedia":[{"embeddable":true,"href":"https:\/\/lubricants.a2zautoexpress.com\/fr\/wp-json\/wp\/v2\/media\/9568"}],"wp:attachment":[{"href":"https:\/\/lubricants.a2zautoexpress.com\/fr\/wp-json\/wp\/v2\/media?parent=9635"}],"wp:term":[{"taxonomy":"product_brand","embeddable":true,"href":"https:\/\/lubricants.a2zautoexpress.com\/fr\/wp-json\/wp\/v2\/product_brand?post=9635"},{"taxonomy":"product_cat","embeddable":true,"href":"https:\/\/lubricants.a2zautoexpress.com\/fr\/wp-json\/wp\/v2\/product_cat?post=9635"},{"taxonomy":"product_tag","embeddable":true,"href":"https:\/\/lubricants.a2zautoexpress.com\/fr\/wp-json\/wp\/v2\/product_tag?post=9635"}],"curies":[{"name":"wp","href":"https:\/\/api.w.org\/{rel}","templated":true}]}}