{"id":9634,"date":"2025-08-08T17:09:46","date_gmt":"2025-08-08T17:09:46","guid":{"rendered":"https:\/\/lubricants.a2zautoexpress.com\/product\/gp-standard-15w40-api-ch-4\/"},"modified":"2025-09-24T20:41:04","modified_gmt":"2025-09-24T20:41:04","slug":"gp-standard-15w40-api-ch-4","status":"publish","type":"product","link":"https:\/\/lubricants.a2zautoexpress.com\/fr\/produit\/gp-standard-15w40-api-ch-4\/","title":{"rendered":"GP STANDARD 15W40 API CH-4"},"content":{"rendered":"","protected":false},"excerpt":{"rendered":"<p>Les huiles moteur <strong>GP DEOGEN STANDARD 15W40 CH-4<\/strong> sont des huiles universelles haute performance pour flottes mixtes, recommand\u00e9es pour les moteurs \u00e0 essence, GPL et diesel. Cette huile est sp\u00e9cialement con\u00e7ue pour offrir une protection suppl\u00e9mentaire aux v\u00e9hicules fonctionnant dans les conditions de service s\u00e9v\u00e8res des flottes mixtes. Des additifs s\u00e9lectionn\u00e9s aident \u00e0 minimiser la formation de boues caus\u00e9e par les conditions de conduite fr\u00e9quentes en arr\u00eat-d\u00e9marrage, contribuant ainsi \u00e0 r\u00e9duire l&#8217;usure du moteur.<\/p>\n<div class=\"downloads\"><\/div>\n","protected":false},"featured_media":9574,"template":"","meta":{"_acf_changed":false},"product_brand":[],"product_cat":[70],"product_tag":[],"class_list":{"0":"post-9634","1":"product","2":"type-product","3":"status-publish","4":"has-post-thumbnail","6":"product_cat-deogen","8":"first","9":"instock","10":"shipping-taxable","11":"product-type-simple"},"acf":[],"_links":{"self":[{"href":"https:\/\/lubricants.a2zautoexpress.com\/fr\/wp-json\/wp\/v2\/product\/9634","targetHints":{"allow":["GET"]}}],"collection":[{"href":"https:\/\/lubricants.a2zautoexpress.com\/fr\/wp-json\/wp\/v2\/product"}],"about":[{"href":"https:\/\/lubricants.a2zautoexpress.com\/fr\/wp-json\/wp\/v2\/types\/product"}],"wp:featuredmedia":[{"embeddable":true,"href":"https:\/\/lubricants.a2zautoexpress.com\/fr\/wp-json\/wp\/v2\/media\/9574"}],"wp:attachment":[{"href":"https:\/\/lubricants.a2zautoexpress.com\/fr\/wp-json\/wp\/v2\/media?parent=9634"}],"wp:term":[{"taxonomy":"product_brand","embeddable":true,"href":"https:\/\/lubricants.a2zautoexpress.com\/fr\/wp-json\/wp\/v2\/product_brand?post=9634"},{"taxonomy":"product_cat","embeddable":true,"href":"https:\/\/lubricants.a2zautoexpress.com\/fr\/wp-json\/wp\/v2\/product_cat?post=9634"},{"taxonomy":"product_tag","embeddable":true,"href":"https:\/\/lubricants.a2zautoexpress.com\/fr\/wp-json\/wp\/v2\/product_tag?post=9634"}],"curies":[{"name":"wp","href":"https:\/\/api.w.org\/{rel}","templated":true}]}}