{"id":9632,"date":"2025-08-08T18:02:19","date_gmt":"2025-08-08T18:02:19","guid":{"rendered":"https:\/\/lubricants.a2zautoexpress.com\/product\/gp-deogen-synthetic-15w40-api-ck-4\/"},"modified":"2025-09-24T20:37:52","modified_gmt":"2025-09-24T20:37:52","slug":"gp-deogen-synthetic-15w40-api-ck-4","status":"publish","type":"product","link":"https:\/\/lubricants.a2zautoexpress.com\/fr\/produit\/gp-deogen-synthetic-15w40-api-ck-4\/","title":{"rendered":"GP DEOGEN SYNTHETIC 15W40 API CK-4"},"content":{"rendered":"<p>GP DEOGEN SYNTHETIC 15W40 CK-4 satisfait et d\u00e9passe les sp\u00e9cifications industrielles suivantes :<\/p>\n<ul>\n<li>ACEA : E9,E7<\/li>\n<li>API : CK-4,CJ-4,CI-4 PLUS,CH-4<\/li>\n<li>Cummins : CES 20086, 20081<\/li>\n<li>Detroit Fluids Specification (DFS) : 93K222, 93K218<\/li>\n<li>MB-approval 228.31<\/li>\n<li>Volvo : VDS-4.5, VDS-4<\/li>\n<li>Renault trucks : RLD-4, RLD-3<\/li>\n<li>Caterpillar : ECF-3<\/li>\n<li>MAN : M3575<\/li>\n<li>Allison : TES 439<\/li>\n<li>Deutz : DQC III-10 LA<\/li>\n<li>IVECO : T2 E7 (satisfait)<\/li>\n<li>JASO DH-2<\/li>\n<li>MACK : EOS-4.5\/EO-o premium plus<\/li>\n<li>MTU : cat\u00e9gorie 2.1<\/li>\n<\/ul>\n","protected":false},"excerpt":{"rendered":"<p>DEOGEN Synthetic 15W-40 est le choix id\u00e9al pour l&#8217;huile diesel de qualit\u00e9 d&#8217;\u00e9mission API CK-4 requise pour les moteurs diesel plus r\u00e9cents, ainsi que pour les applications diesel plus anciennes (y compris celles \u00e9quip\u00e9es de turbocompresseurs). Il offre une lubrification extraordinaire dans les moteurs diesel que l&#8217;on trouve dans les v\u00e9hicules commerciaux, de flotte et personnels. Formul\u00e9 avec la technologie d&#8217;huile de base synth\u00e9tique et d&#8217;additifs la plus r\u00e9cente, DEOGEN Synthetic 15W-40 d\u00e9passe les exigences de performance plus \u00e9lev\u00e9es des moteurs modernes. Il r\u00e9siste aux contraintes de la chaleur, de la suie et des acides pour aider \u00e0 pr\u00e9venir les d\u00e9p\u00f4ts, la corrosion et l&#8217;usure. Il est compatible avec tous les dispositifs de traitement des gaz d&#8217;\u00e9chappement et offre des performances d&#8217;\u00e9conomie de carburant.<\/p>\n<div class=\"downloads\"><\/div>\n","protected":false},"featured_media":9564,"template":"","meta":{"_acf_changed":false},"product_brand":[],"product_cat":[70],"product_tag":[],"class_list":{"0":"post-9632","1":"product","2":"type-product","3":"status-publish","4":"has-post-thumbnail","6":"product_cat-deogen","8":"first","9":"instock","10":"shipping-taxable","11":"product-type-simple"},"acf":[],"_links":{"self":[{"href":"https:\/\/lubricants.a2zautoexpress.com\/fr\/wp-json\/wp\/v2\/product\/9632","targetHints":{"allow":["GET"]}}],"collection":[{"href":"https:\/\/lubricants.a2zautoexpress.com\/fr\/wp-json\/wp\/v2\/product"}],"about":[{"href":"https:\/\/lubricants.a2zautoexpress.com\/fr\/wp-json\/wp\/v2\/types\/product"}],"wp:featuredmedia":[{"embeddable":true,"href":"https:\/\/lubricants.a2zautoexpress.com\/fr\/wp-json\/wp\/v2\/media\/9564"}],"wp:attachment":[{"href":"https:\/\/lubricants.a2zautoexpress.com\/fr\/wp-json\/wp\/v2\/media?parent=9632"}],"wp:term":[{"taxonomy":"product_brand","embeddable":true,"href":"https:\/\/lubricants.a2zautoexpress.com\/fr\/wp-json\/wp\/v2\/product_brand?post=9632"},{"taxonomy":"product_cat","embeddable":true,"href":"https:\/\/lubricants.a2zautoexpress.com\/fr\/wp-json\/wp\/v2\/product_cat?post=9632"},{"taxonomy":"product_tag","embeddable":true,"href":"https:\/\/lubricants.a2zautoexpress.com\/fr\/wp-json\/wp\/v2\/product_tag?post=9632"}],"curies":[{"name":"wp","href":"https:\/\/api.w.org\/{rel}","templated":true}]}}