{"id":9630,"date":"2025-08-08T17:19:17","date_gmt":"2025-08-08T17:19:17","guid":{"rendered":"https:\/\/lubricants.a2zautoexpress.com\/product\/deogen-standard-25w60-api-ch4\/"},"modified":"2025-09-24T20:40:00","modified_gmt":"2025-09-24T20:40:00","slug":"deogen-standard-25w60-api-ch4","status":"publish","type":"product","link":"https:\/\/lubricants.a2zautoexpress.com\/fr\/produit\/deogen-standard-25w60-api-ch4\/","title":{"rendered":"DEOGEN STANDARD 25W60 API CH4"},"content":{"rendered":"","protected":false},"excerpt":{"rendered":"<p><span class=\"fontstyle0\"><strong>DEOGEN STANDARD 25W60 API CH4<\/strong> <\/span><span class=\"fontstyle2\">est une huile moteur diesel commerciale polyvalente de qualit\u00e9 sup\u00e9rieure, certifi\u00e9e API. L&#8217;huile est con\u00e7ue pour r\u00e9pondre aux exigences de performance les plus s\u00e9v\u00e8res des moteurs diesel turbocompress\u00e9s modernes hautement performants dans les applications de transport routier et \u00e9galement les op\u00e9rations hors route. Elle assure une protection exceptionnelle contre les d\u00e9p\u00f4ts moteur \u00e0 haute temp\u00e9rature, la d\u00e9gradation de l&#8217;huile, l&#8217;\u00e9paississement de l&#8217;huile et la r\u00e9sistance \u00e0 la corrosion. L&#8217;huile poss\u00e8de une excellente stabilit\u00e9 au cisaillement pour maintenir la viscosit\u00e9 lors d&#8217;op\u00e9rations s\u00e9v\u00e8res \u00e0 haute temp\u00e9rature. <\/span><\/p>\n<div class=\"downloads\"><\/div>\n","protected":false},"featured_media":9570,"template":"","meta":{"_acf_changed":false},"product_brand":[],"product_cat":[70],"product_tag":[],"class_list":{"0":"post-9630","1":"product","2":"type-product","3":"status-publish","4":"has-post-thumbnail","6":"product_cat-deogen","8":"first","9":"instock","10":"shipping-taxable","11":"product-type-simple"},"acf":[],"_links":{"self":[{"href":"https:\/\/lubricants.a2zautoexpress.com\/fr\/wp-json\/wp\/v2\/product\/9630","targetHints":{"allow":["GET"]}}],"collection":[{"href":"https:\/\/lubricants.a2zautoexpress.com\/fr\/wp-json\/wp\/v2\/product"}],"about":[{"href":"https:\/\/lubricants.a2zautoexpress.com\/fr\/wp-json\/wp\/v2\/types\/product"}],"wp:featuredmedia":[{"embeddable":true,"href":"https:\/\/lubricants.a2zautoexpress.com\/fr\/wp-json\/wp\/v2\/media\/9570"}],"wp:attachment":[{"href":"https:\/\/lubricants.a2zautoexpress.com\/fr\/wp-json\/wp\/v2\/media?parent=9630"}],"wp:term":[{"taxonomy":"product_brand","embeddable":true,"href":"https:\/\/lubricants.a2zautoexpress.com\/fr\/wp-json\/wp\/v2\/product_brand?post=9630"},{"taxonomy":"product_cat","embeddable":true,"href":"https:\/\/lubricants.a2zautoexpress.com\/fr\/wp-json\/wp\/v2\/product_cat?post=9630"},{"taxonomy":"product_tag","embeddable":true,"href":"https:\/\/lubricants.a2zautoexpress.com\/fr\/wp-json\/wp\/v2\/product_tag?post=9630"}],"curies":[{"name":"wp","href":"https:\/\/api.w.org\/{rel}","templated":true}]}}