{"id":9627,"date":"2025-08-11T13:13:02","date_gmt":"2025-08-11T13:13:02","guid":{"rendered":"https:\/\/lubricants.a2zautoexpress.com\/product\/bygen-synthetic-20w40-sg\/"},"modified":"2025-09-24T20:37:11","modified_gmt":"2025-09-24T20:37:11","slug":"bygen-synthetic-20w40-sg","status":"publish","type":"product","link":"https:\/\/lubricants.a2zautoexpress.com\/fr\/produit\/bygen-synthetic-20w40-sg\/","title":{"rendered":"BYGEN SYNTHETIC 20W40 SG"},"content":{"rendered":"","protected":false},"excerpt":{"rendered":"<p><strong>BYGEN SYNTHETIC 20W40 SG <\/strong>est une huile moteur conventionnelle ultra haute performance pour moteurs quatre temps de motocyclette. Elle combat efficacement l&#8217;usure, le grippage et les probl\u00e8mes de d\u00e9p\u00f4ts. Elle offre \u00e9galement une r\u00e9sistance \u00e0 l&#8217;oxydation \u00e0 haute temp\u00e9rature, une protection contre la corrosion, une propret\u00e9 maximale du moteur et une lubrification am\u00e9lior\u00e9e pour prolonger la dur\u00e9e de vie du moteur. Elle assure \u00e9galement une protection sup\u00e9rieure contre les probl\u00e8mes li\u00e9s aux carburants de qualit\u00e9 inf\u00e9rieure.<\/p>\n<div class=\"downloads\"><\/div>\n","protected":false},"featured_media":9578,"template":"","meta":{"_acf_changed":false},"product_brand":[],"product_cat":[68],"product_tag":[],"class_list":{"0":"post-9627","1":"product","2":"type-product","3":"status-publish","4":"has-post-thumbnail","6":"product_cat-non-categorise","8":"first","9":"instock","10":"shipping-taxable","11":"product-type-simple"},"acf":[],"_links":{"self":[{"href":"https:\/\/lubricants.a2zautoexpress.com\/fr\/wp-json\/wp\/v2\/product\/9627","targetHints":{"allow":["GET"]}}],"collection":[{"href":"https:\/\/lubricants.a2zautoexpress.com\/fr\/wp-json\/wp\/v2\/product"}],"about":[{"href":"https:\/\/lubricants.a2zautoexpress.com\/fr\/wp-json\/wp\/v2\/types\/product"}],"wp:featuredmedia":[{"embeddable":true,"href":"https:\/\/lubricants.a2zautoexpress.com\/fr\/wp-json\/wp\/v2\/media\/9578"}],"wp:attachment":[{"href":"https:\/\/lubricants.a2zautoexpress.com\/fr\/wp-json\/wp\/v2\/media?parent=9627"}],"wp:term":[{"taxonomy":"product_brand","embeddable":true,"href":"https:\/\/lubricants.a2zautoexpress.com\/fr\/wp-json\/wp\/v2\/product_brand?post=9627"},{"taxonomy":"product_cat","embeddable":true,"href":"https:\/\/lubricants.a2zautoexpress.com\/fr\/wp-json\/wp\/v2\/product_cat?post=9627"},{"taxonomy":"product_tag","embeddable":true,"href":"https:\/\/lubricants.a2zautoexpress.com\/fr\/wp-json\/wp\/v2\/product_tag?post=9627"}],"curies":[{"name":"wp","href":"https:\/\/api.w.org\/{rel}","templated":true}]}}