{"id":9625,"date":"2025-08-08T18:07:10","date_gmt":"2025-08-08T18:07:10","guid":{"rendered":"https:\/\/lubricants.a2zautoexpress.com\/product\/gp-deogen-synthetique-5w-30-ck-4\/"},"modified":"2025-09-24T20:37:39","modified_gmt":"2025-09-24T20:37:39","slug":"gp-deogen-synthetique-5w-30-ck-4","status":"publish","type":"product","link":"https:\/\/lubricants.a2zautoexpress.com\/fr\/produit\/gp-deogen-synthetique-5w-30-ck-4\/","title":{"rendered":"GP DEOGEN synth\u00e9tique 5W-30 CK-4"},"content":{"rendered":"","protected":false},"excerpt":{"rendered":"<p><strong>DEOGEN Synth\u00e9tique 5W-30 CK-4<\/strong> est une huile moteur diesel synth\u00e9tique avanc\u00e9e pour usage intensif, sp\u00e9cialement con\u00e7ue pour offrir une dur\u00e9e de vie utile prolong\u00e9e. Elle convient aux moteurs diesel \u00e0 quatre temps \u00e0 grande vitesse et est compatible avec les moteurs diesel \u00e9quip\u00e9s de syst\u00e8mes EGR et les derniers syst\u00e8mes de post-traitement des gaz d&#8217;\u00e9chappement tels que : FAP, DOC et\/ou SCR. Formul\u00e9e avec la derni\u00e8re technologie d&#8217;additifs et d&#8217;huile de base synth\u00e9tique, DEOGEN Synth\u00e9tique 5W30 d\u00e9passe les exigences de performance \u00e9lev\u00e9es des moteurs modernes. Elle est compatible avec tous les dispositifs de traitement des gaz d&#8217;\u00e9chappement et offre des performances d&#8217;\u00e9conomie de carburant.<\/p>\n<div class=\"downloads\"><\/div>\n","protected":false},"featured_media":9563,"template":"","meta":{"_acf_changed":false},"product_brand":[],"product_cat":[70],"product_tag":[],"class_list":{"0":"post-9625","1":"product","2":"type-product","3":"status-publish","4":"has-post-thumbnail","6":"product_cat-deogen","8":"first","9":"instock","10":"shipping-taxable","11":"product-type-simple"},"acf":[],"_links":{"self":[{"href":"https:\/\/lubricants.a2zautoexpress.com\/fr\/wp-json\/wp\/v2\/product\/9625","targetHints":{"allow":["GET"]}}],"collection":[{"href":"https:\/\/lubricants.a2zautoexpress.com\/fr\/wp-json\/wp\/v2\/product"}],"about":[{"href":"https:\/\/lubricants.a2zautoexpress.com\/fr\/wp-json\/wp\/v2\/types\/product"}],"wp:featuredmedia":[{"embeddable":true,"href":"https:\/\/lubricants.a2zautoexpress.com\/fr\/wp-json\/wp\/v2\/media\/9563"}],"wp:attachment":[{"href":"https:\/\/lubricants.a2zautoexpress.com\/fr\/wp-json\/wp\/v2\/media?parent=9625"}],"wp:term":[{"taxonomy":"product_brand","embeddable":true,"href":"https:\/\/lubricants.a2zautoexpress.com\/fr\/wp-json\/wp\/v2\/product_brand?post=9625"},{"taxonomy":"product_cat","embeddable":true,"href":"https:\/\/lubricants.a2zautoexpress.com\/fr\/wp-json\/wp\/v2\/product_cat?post=9625"},{"taxonomy":"product_tag","embeddable":true,"href":"https:\/\/lubricants.a2zautoexpress.com\/fr\/wp-json\/wp\/v2\/product_tag?post=9625"}],"curies":[{"name":"wp","href":"https:\/\/api.w.org\/{rel}","templated":true}]}}