{"id":9622,"date":"2025-08-08T17:49:18","date_gmt":"2025-08-08T17:49:18","guid":{"rendered":"https:\/\/lubricants.a2zautoexpress.com\/product\/gp-standard-20w50-api-ch-4\/"},"modified":"2025-09-24T20:38:18","modified_gmt":"2025-09-24T20:38:18","slug":"gp-standard-20w50-api-ch-4","status":"publish","type":"product","link":"https:\/\/lubricants.a2zautoexpress.com\/fr\/produit\/gp-standard-20w50-api-ch-4\/","title":{"rendered":"GP STANDARD 20W50 API CH-4"},"content":{"rendered":"","protected":false},"excerpt":{"rendered":"<p><strong>GP DEOGEN STANDARD 20W50 CH-4 <\/strong>est une huile moteur de haute qualit\u00e9 fabriqu\u00e9e \u00e0 partir d&#8217;huiles min\u00e9rales de haute qualit\u00e9 et particuli\u00e8rement recommand\u00e9e pour le transport routier, les entrepreneurs de travaux publics et certaines op\u00e9rations de flottes mixtes. La technologie de pointe utilis\u00e9e dans cette huile donne d&#8217;excellents r\u00e9sultats dans les moteurs diesel \u00e0 aspiration naturelle et turbocompress\u00e9s, ainsi que dans la plupart des moteurs \u00e0 essence, permettant de r\u00e9duire les stocks dans les op\u00e9rations de flottes mixtes.<\/p>\n<div class=\"downloads\"><\/div>\n","protected":false},"featured_media":9566,"template":"","meta":{"_acf_changed":false},"product_brand":[],"product_cat":[70],"product_tag":[],"class_list":{"0":"post-9622","1":"product","2":"type-product","3":"status-publish","4":"has-post-thumbnail","6":"product_cat-deogen","8":"first","9":"instock","10":"shipping-taxable","11":"product-type-simple"},"acf":[],"_links":{"self":[{"href":"https:\/\/lubricants.a2zautoexpress.com\/fr\/wp-json\/wp\/v2\/product\/9622","targetHints":{"allow":["GET"]}}],"collection":[{"href":"https:\/\/lubricants.a2zautoexpress.com\/fr\/wp-json\/wp\/v2\/product"}],"about":[{"href":"https:\/\/lubricants.a2zautoexpress.com\/fr\/wp-json\/wp\/v2\/types\/product"}],"wp:featuredmedia":[{"embeddable":true,"href":"https:\/\/lubricants.a2zautoexpress.com\/fr\/wp-json\/wp\/v2\/media\/9566"}],"wp:attachment":[{"href":"https:\/\/lubricants.a2zautoexpress.com\/fr\/wp-json\/wp\/v2\/media?parent=9622"}],"wp:term":[{"taxonomy":"product_brand","embeddable":true,"href":"https:\/\/lubricants.a2zautoexpress.com\/fr\/wp-json\/wp\/v2\/product_brand?post=9622"},{"taxonomy":"product_cat","embeddable":true,"href":"https:\/\/lubricants.a2zautoexpress.com\/fr\/wp-json\/wp\/v2\/product_cat?post=9622"},{"taxonomy":"product_tag","embeddable":true,"href":"https:\/\/lubricants.a2zautoexpress.com\/fr\/wp-json\/wp\/v2\/product_tag?post=9622"}],"curies":[{"name":"wp","href":"https:\/\/api.w.org\/{rel}","templated":true}]}}