{"id":9619,"date":"2025-08-11T13:11:33","date_gmt":"2025-08-11T13:11:33","guid":{"rendered":"https:\/\/lubricants.a2zautoexpress.com\/product\/bygen-synthetique-15w50-sn\/"},"modified":"2025-09-24T20:37:24","modified_gmt":"2025-09-24T20:37:24","slug":"bygen-synthetique-15w50-sn","status":"publish","type":"product","link":"https:\/\/lubricants.a2zautoexpress.com\/fr\/produit\/bygen-synthetique-15w50-sn\/","title":{"rendered":"BYGEN SYNTH\u00c9TIQUE 15W50 SN"},"content":{"rendered":"","protected":false},"excerpt":{"rendered":"<p><strong>GP BYGEN SYNTH\u00c9TIQUE 15W50 SN<\/strong> est une huile moteur multi-grade pour kilom\u00e9trage \u00e9lev\u00e9, con\u00e7ue pour une performance ultime et pour offrir une protection et des performances exceptionnelles du moteur pour tous les types de motos modernes. Elle a \u00e9t\u00e9 formul\u00e9e avec des huiles de base synth\u00e9tiques, hydrotrait\u00e9es, paraffiniques et un syst\u00e8me d&#8217;additifs technologiquement avanc\u00e9.<\/p>\n<div class=\"downloads\"><\/div>\n","protected":false},"featured_media":9579,"template":"","meta":{"_acf_changed":false},"product_brand":[],"product_cat":[68],"product_tag":[],"class_list":{"0":"post-9619","1":"product","2":"type-product","3":"status-publish","4":"has-post-thumbnail","6":"product_cat-non-categorise","8":"first","9":"instock","10":"shipping-taxable","11":"product-type-simple"},"acf":[],"_links":{"self":[{"href":"https:\/\/lubricants.a2zautoexpress.com\/fr\/wp-json\/wp\/v2\/product\/9619","targetHints":{"allow":["GET"]}}],"collection":[{"href":"https:\/\/lubricants.a2zautoexpress.com\/fr\/wp-json\/wp\/v2\/product"}],"about":[{"href":"https:\/\/lubricants.a2zautoexpress.com\/fr\/wp-json\/wp\/v2\/types\/product"}],"wp:featuredmedia":[{"embeddable":true,"href":"https:\/\/lubricants.a2zautoexpress.com\/fr\/wp-json\/wp\/v2\/media\/9579"}],"wp:attachment":[{"href":"https:\/\/lubricants.a2zautoexpress.com\/fr\/wp-json\/wp\/v2\/media?parent=9619"}],"wp:term":[{"taxonomy":"product_brand","embeddable":true,"href":"https:\/\/lubricants.a2zautoexpress.com\/fr\/wp-json\/wp\/v2\/product_brand?post=9619"},{"taxonomy":"product_cat","embeddable":true,"href":"https:\/\/lubricants.a2zautoexpress.com\/fr\/wp-json\/wp\/v2\/product_cat?post=9619"},{"taxonomy":"product_tag","embeddable":true,"href":"https:\/\/lubricants.a2zautoexpress.com\/fr\/wp-json\/wp\/v2\/product_tag?post=9619"}],"curies":[{"name":"wp","href":"https:\/\/api.w.org\/{rel}","templated":true}]}}