{"id":9616,"date":"2025-08-11T13:16:12","date_gmt":"2025-08-11T13:16:12","guid":{"rendered":"https:\/\/lubricants.a2zautoexpress.com\/product\/bygen-synthetique-20w50-sn\/"},"modified":"2025-09-24T20:36:44","modified_gmt":"2025-09-24T20:36:44","slug":"bygen-synthetique-20w50-sn","status":"publish","type":"product","link":"https:\/\/lubricants.a2zautoexpress.com\/fr\/produit\/bygen-synthetique-20w50-sn\/","title":{"rendered":"BYGEN SYNTH\u00c9TIQUE 20W50 SN"},"content":{"rendered":"","protected":false},"excerpt":{"rendered":"<p><strong>BYGEN 4T SYNTH\u00c9TIQUE 20W50 SN<\/strong> est une huile moteur multigrade \u00e0 kilom\u00e9trage \u00e9lev\u00e9, con\u00e7ue pour des performances optimales et pour fournir une protection et des performances exceptionnelles du moteur pour tous les types de motos modernes. Elle a \u00e9t\u00e9 formul\u00e9e avec des huiles de base paraffiniques synth\u00e9tiques hydrotrait\u00e9es et un syst\u00e8me d&#8217;additifs technologiquement avanc\u00e9.<\/p>\n","protected":false},"featured_media":9576,"template":"","meta":{"_acf_changed":false},"product_brand":[],"product_cat":[68],"product_tag":[],"class_list":{"0":"post-9616","1":"product","2":"type-product","3":"status-publish","4":"has-post-thumbnail","6":"product_cat-non-categorise","8":"first","9":"instock","10":"shipping-taxable","11":"product-type-simple"},"acf":[],"_links":{"self":[{"href":"https:\/\/lubricants.a2zautoexpress.com\/fr\/wp-json\/wp\/v2\/product\/9616","targetHints":{"allow":["GET"]}}],"collection":[{"href":"https:\/\/lubricants.a2zautoexpress.com\/fr\/wp-json\/wp\/v2\/product"}],"about":[{"href":"https:\/\/lubricants.a2zautoexpress.com\/fr\/wp-json\/wp\/v2\/types\/product"}],"wp:featuredmedia":[{"embeddable":true,"href":"https:\/\/lubricants.a2zautoexpress.com\/fr\/wp-json\/wp\/v2\/media\/9576"}],"wp:attachment":[{"href":"https:\/\/lubricants.a2zautoexpress.com\/fr\/wp-json\/wp\/v2\/media?parent=9616"}],"wp:term":[{"taxonomy":"product_brand","embeddable":true,"href":"https:\/\/lubricants.a2zautoexpress.com\/fr\/wp-json\/wp\/v2\/product_brand?post=9616"},{"taxonomy":"product_cat","embeddable":true,"href":"https:\/\/lubricants.a2zautoexpress.com\/fr\/wp-json\/wp\/v2\/product_cat?post=9616"},{"taxonomy":"product_tag","embeddable":true,"href":"https:\/\/lubricants.a2zautoexpress.com\/fr\/wp-json\/wp\/v2\/product_tag?post=9616"}],"curies":[{"name":"wp","href":"https:\/\/api.w.org\/{rel}","templated":true}]}}