{"id":9615,"date":"2025-08-11T13:17:34","date_gmt":"2025-08-11T13:17:34","guid":{"rendered":"https:\/\/lubricants.a2zautoexpress.com\/product\/bygen-synthetic-10w40-sn\/"},"modified":"2025-09-24T20:36:31","modified_gmt":"2025-09-24T20:36:31","slug":"bygen-synthetic-10w40-sn","status":"publish","type":"product","link":"https:\/\/lubricants.a2zautoexpress.com\/fr\/produit\/bygen-synthetic-10w40-sn\/","title":{"rendered":"BYGEN SYNTHETIC 10W40 SN"},"content":{"rendered":"","protected":false},"excerpt":{"rendered":"<p><span class=\"fontstyle0\">est une huile moteur multi-grade pour kilom\u00e9trage \u00e9lev\u00e9, con\u00e7ue pour une performance ultime et pour offrir une protection et des performances exceptionnelles du moteur pour tous les types de motos modernes. Elle a \u00e9t\u00e9 formul\u00e9e avec des huiles de base synth\u00e9tiques, hydrotrait\u00e9es et paraffiniques, ainsi qu&#8217;un syst\u00e8me d&#8217;additifs technologiquement avanc\u00e9 pour offrir une r\u00e9sistance exceptionnelle \u00e0 la d\u00e9gradation thermique de la viscosit\u00e9, une fluidit\u00e9 remarquable \u00e0 basse temp\u00e9rature, et pour r\u00e9sister \u00e0 l&#8217;usure des composants du moteur et \u00e0 la formation de d\u00e9p\u00f4ts dans des conditions de conduite s\u00e9v\u00e8res. <\/span><\/p>\n<div class=\"downloads\"><\/div>\n","protected":false},"featured_media":9575,"template":"","meta":{"_acf_changed":false},"product_brand":[],"product_cat":[68],"product_tag":[],"class_list":{"0":"post-9615","1":"product","2":"type-product","3":"status-publish","4":"has-post-thumbnail","6":"product_cat-non-categorise","8":"first","9":"instock","10":"shipping-taxable","11":"product-type-simple"},"acf":[],"_links":{"self":[{"href":"https:\/\/lubricants.a2zautoexpress.com\/fr\/wp-json\/wp\/v2\/product\/9615","targetHints":{"allow":["GET"]}}],"collection":[{"href":"https:\/\/lubricants.a2zautoexpress.com\/fr\/wp-json\/wp\/v2\/product"}],"about":[{"href":"https:\/\/lubricants.a2zautoexpress.com\/fr\/wp-json\/wp\/v2\/types\/product"}],"wp:featuredmedia":[{"embeddable":true,"href":"https:\/\/lubricants.a2zautoexpress.com\/fr\/wp-json\/wp\/v2\/media\/9575"}],"wp:attachment":[{"href":"https:\/\/lubricants.a2zautoexpress.com\/fr\/wp-json\/wp\/v2\/media?parent=9615"}],"wp:term":[{"taxonomy":"product_brand","embeddable":true,"href":"https:\/\/lubricants.a2zautoexpress.com\/fr\/wp-json\/wp\/v2\/product_brand?post=9615"},{"taxonomy":"product_cat","embeddable":true,"href":"https:\/\/lubricants.a2zautoexpress.com\/fr\/wp-json\/wp\/v2\/product_cat?post=9615"},{"taxonomy":"product_tag","embeddable":true,"href":"https:\/\/lubricants.a2zautoexpress.com\/fr\/wp-json\/wp\/v2\/product_tag?post=9615"}],"curies":[{"name":"wp","href":"https:\/\/api.w.org\/{rel}","templated":true}]}}