{"id":9692,"date":"2023-11-14T02:34:43","date_gmt":"2023-11-14T02:34:43","guid":{"rendered":"https:\/\/lubricants.a2zautoexpress.com\/contact\/"},"modified":"2025-09-25T09:48:24","modified_gmt":"2025-09-25T09:48:24","slug":"contact","status":"publish","type":"page","link":"https:\/\/lubricants.a2zautoexpress.com\/fr\/contact\/","title":{"rendered":"Contact"},"content":{"rendered":"\t\t<div data-elementor-type=\"wp-page\" data-elementor-id=\"9692\" class=\"elementor elementor-9692 elementor-124\" data-elementor-post-type=\"page\">\n\t\t\t\t        <section class=\"elementor-section elementor-top-section elementor-element elementor-element-ff1665d elementor-section-stretched elementor-section-boxed elementor-section-height-default elementor-section-height-default pxl-type-header-none pxl-section-smoke_particles-no pxl-row-scroll-none\" data-id=\"ff1665d\" data-element_type=\"section\" data-settings=\"{&quot;stretch_section&quot;:&quot;section-stretched&quot;}\">\n\n                \n                <div class=\"elementor-container elementor-column-gap-extended \">\n                <div class=\"elementor-column elementor-col-100 elementor-top-column elementor-element elementor-element-1410a1e pxl-column-element-default pxl-column-none\" data-id=\"1410a1e\" data-element_type=\"column\">\r\n        <div class=\"elementor-widget-wrap elementor-element-populated\">\r\n                     \r\n                <section class=\"elementor-section elementor-inner-section elementor-element elementor-element-04de619 elementor-section-boxed elementor-section-height-default elementor-section-height-default pxl-type-header-none pxl-section-smoke_particles-no pxl-row-scroll-none\" data-id=\"04de619\" data-element_type=\"section\">\n\n                \n                <div class=\"elementor-container elementor-column-gap-no \">\n                <div class=\"elementor-column elementor-col-33 elementor-inner-column elementor-element elementor-element-f73ed53 pxl-column-element-default pxl-column-none\" data-id=\"f73ed53\" data-element_type=\"column\">\r\n        <div class=\"elementor-widget-wrap elementor-element-populated\">\r\n                     \r\n        \t\t<div class=\"elementor-element elementor-element-bd78350 elementor-widget elementor-widget-pxl_heading\" data-id=\"bd78350\" data-element_type=\"widget\" data-widget_type=\"pxl_heading.default\">\n\t\t\t\t<div class=\"elementor-widget-container\">\n\t\t\t\t\t<div id=\"pxl-pxl_heading-bd78350-7585\" class=\"pxl-heading px-sub-title-default-style\">\n\t<div class=\"pxl-heading--inner\">\n\t\t\n\t\t\t\t\t<div class=\"pxl-item--subtitle px-sub-title-default \" data-wow-delay=\"ms\">\n\t\t\t\t<span class=\"pxl-item--subtext\">\n\t\t\t\t\t\t\t\t\t\t\t<span class=\"pxl-item--icon pxl-mr-1\">\n\t\t\t\t\t\t\t<svg xmlns=\"http:\/\/www.w3.org\/2000\/svg\" width=\"62\" height=\"17\" viewBox=\"0 0 62 17\" fill=\"none\"><path id=\"Vector\" d=\"M26.9944 0.857178H18.6414L3.27252 16.0409H11.6255L26.9944 0.857178Z\" fill=\"#D70006\"><\/path><path id=\"Vector_2\" d=\"M43.131 0.857178H34.778L19.4091 16.0409H27.7621L43.131 0.857178Z\" fill=\"#D70006\"><\/path><path id=\"Vector_3\" d=\"M59.2711 0.857178H50.9109L35.5492 16.0409H43.895L59.2711 0.857178Z\" fill=\"#D70006\"><\/path><\/svg>\t\t\t\t\t\t<\/span>\n\t\t\t\t\t\t\t\t\t\tPhone no\t\t\t\t\t<span class=\"pxl-item--subdivider\"><\/span>\n\t\t\t\t<\/span>\n\t\t\t<\/div>\n\t\t\n\t\t<h3 class=\"pxl-item--title  \" data-wow-delay=\"ms\">\n\t\t\t\t\t\t\t\t\t\n\t\t\t\t\n\t\t<\/h3>\n\n\t\t\n\t\t\n\t\t\t\t\t\t\t\t\t<\/div>\n<\/div>\t\t\t\t<\/div>\n\t\t\t\t<\/div>\n\t\t\t\t<div class=\"elementor-element elementor-element-adbe74f elementor-widget elementor-widget-pxl_heading\" data-id=\"adbe74f\" data-element_type=\"widget\" data-widget_type=\"pxl_heading.default\">\n\t\t\t\t<div class=\"elementor-widget-container\">\n\t\t\t\t\t<div id=\"pxl-pxl_heading-adbe74f-9305\" class=\"pxl-heading px-sub-title-default-style\">\n\t<div class=\"pxl-heading--inner\">\n\t\t\n\t\t\n\t\t<h3 class=\"pxl-item--title  \" data-wow-delay=\"ms\">\n\t\t\t\t\t\t\tCall Us Anytime\t\t\n\t\t\t\t\n\t\t<\/h3>\n\n\t\t\n\t\t\n\t\t\t\t\t\t\t\t\t<\/div>\n<\/div>\t\t\t\t<\/div>\n\t\t\t\t<\/div>\n\t\t\t\t<div class=\"elementor-element elementor-element-6fdf116 elementor-widget elementor-widget-pxl_link\" data-id=\"6fdf116\" data-element_type=\"widget\" data-widget_type=\"pxl_link.default\">\n\t\t\t\t<div class=\"elementor-widget-container\">\n\t\t\t\t\t    <ul class=\"pxl-link pxl-link-l1 pxl-block  \" data-wow-delay=\"ms\">\r\n                        <li class=\"\">\r\n                    <a href=\"tel:+1-514-927-1333\">\r\n                                                <span>+1 514-927-1333<\/span>\r\n                    <\/a>\r\n                <\/li>\r\n            <\/ul>\r\n\t\t\t\t<\/div>\n\t\t\t\t<\/div>\n\t\t            <\/div>\r\n        <\/div>\r\n                <div class=\"elementor-column elementor-col-33 elementor-inner-column elementor-element elementor-element-2965a28 pxl-column-element-default pxl-column-none\" data-id=\"2965a28\" data-element_type=\"column\">\r\n        <div class=\"elementor-widget-wrap elementor-element-populated\">\r\n                     \r\n        \t\t<div class=\"elementor-element elementor-element-639c1d5 elementor-widget elementor-widget-pxl_heading\" data-id=\"639c1d5\" data-element_type=\"widget\" data-widget_type=\"pxl_heading.default\">\n\t\t\t\t<div class=\"elementor-widget-container\">\n\t\t\t\t\t<div id=\"pxl-pxl_heading-639c1d5-4125\" class=\"pxl-heading px-sub-title-default-style\">\n\t<div class=\"pxl-heading--inner\">\n\t\t\n\t\t\t\t\t<div class=\"pxl-item--subtitle px-sub-title-default \" data-wow-delay=\"ms\">\n\t\t\t\t<span class=\"pxl-item--subtext\">\n\t\t\t\t\t\t\t\t\t\t\t<span class=\"pxl-item--icon pxl-mr-1\">\n\t\t\t\t\t\t\t<svg xmlns=\"http:\/\/www.w3.org\/2000\/svg\" width=\"62\" height=\"17\" viewBox=\"0 0 62 17\" fill=\"none\"><path id=\"Vector\" d=\"M26.9944 0.857178H18.6414L3.27252 16.0409H11.6255L26.9944 0.857178Z\" fill=\"#D70006\"><\/path><path id=\"Vector_2\" d=\"M43.131 0.857178H34.778L19.4091 16.0409H27.7621L43.131 0.857178Z\" fill=\"#D70006\"><\/path><path id=\"Vector_3\" d=\"M59.2711 0.857178H50.9109L35.5492 16.0409H43.895L59.2711 0.857178Z\" fill=\"#D70006\"><\/path><\/svg>\t\t\t\t\t\t<\/span>\n\t\t\t\t\t\t\t\t\t\tEmail Address\t\t\t\t\t<span class=\"pxl-item--subdivider\"><\/span>\n\t\t\t\t<\/span>\n\t\t\t<\/div>\n\t\t\n\t\t<h3 class=\"pxl-item--title  \" data-wow-delay=\"ms\">\n\t\t\t\t\t\t\t\t\t\n\t\t\t\t\n\t\t<\/h3>\n\n\t\t\n\t\t\n\t\t\t\t\t\t\t\t\t<\/div>\n<\/div>\t\t\t\t<\/div>\n\t\t\t\t<\/div>\n\t\t\t\t<div class=\"elementor-element elementor-element-c16089f elementor-widget elementor-widget-pxl_heading\" data-id=\"c16089f\" data-element_type=\"widget\" data-widget_type=\"pxl_heading.default\">\n\t\t\t\t<div class=\"elementor-widget-container\">\n\t\t\t\t\t<div id=\"pxl-pxl_heading-c16089f-3407\" class=\"pxl-heading px-sub-title-default-style\">\n\t<div class=\"pxl-heading--inner\">\n\t\t\n\t\t\n\t\t<h3 class=\"pxl-item--title  \" data-wow-delay=\"ms\">\n\t\t\t\t\t\t\tSEND US MAIL\t\t\n\t\t\t\t\n\t\t<\/h3>\n\n\t\t\n\t\t\n\t\t\t\t\t\t\t\t\t<\/div>\n<\/div>\t\t\t\t<\/div>\n\t\t\t\t<\/div>\n\t\t\t\t<div class=\"elementor-element elementor-element-3c92e20 elementor-widget elementor-widget-pxl_link\" data-id=\"3c92e20\" data-element_type=\"widget\" data-widget_type=\"pxl_link.default\">\n\t\t\t\t<div class=\"elementor-widget-container\">\n\t\t\t\t\t    <ul class=\"pxl-link pxl-link-l1 pxl-block  \" data-wow-delay=\"ms\">\r\n                        <li class=\"\">\r\n                    <a href=\"mailto:a2zautoexpress@gmail.com\">\r\n                                                <span>a2zautoexpress@gmail.com<\/span>\r\n                    <\/a>\r\n                <\/li>\r\n            <\/ul>\r\n\t\t\t\t<\/div>\n\t\t\t\t<\/div>\n\t\t            <\/div>\r\n        <\/div>\r\n                <div class=\"elementor-column elementor-col-33 elementor-inner-column elementor-element elementor-element-c9bb40b pxl-column-element-default pxl-column-none\" data-id=\"c9bb40b\" data-element_type=\"column\">\r\n        <div class=\"elementor-widget-wrap elementor-element-populated\">\r\n                     \r\n        \t\t<div class=\"elementor-element elementor-element-a31315c elementor-widget elementor-widget-pxl_heading\" data-id=\"a31315c\" data-element_type=\"widget\" data-widget_type=\"pxl_heading.default\">\n\t\t\t\t<div class=\"elementor-widget-container\">\n\t\t\t\t\t<div id=\"pxl-pxl_heading-a31315c-4503\" class=\"pxl-heading px-sub-title-default-style\">\n\t<div class=\"pxl-heading--inner\">\n\t\t\n\t\t\t\t\t<div class=\"pxl-item--subtitle px-sub-title-default \" data-wow-delay=\"ms\">\n\t\t\t\t<span class=\"pxl-item--subtext\">\n\t\t\t\t\t\t\t\t\t\t\t<span class=\"pxl-item--icon pxl-mr-1\">\n\t\t\t\t\t\t\t<svg xmlns=\"http:\/\/www.w3.org\/2000\/svg\" width=\"62\" height=\"17\" viewBox=\"0 0 62 17\" fill=\"none\"><path id=\"Vector\" d=\"M26.9944 0.857178H18.6414L3.27252 16.0409H11.6255L26.9944 0.857178Z\" fill=\"#D70006\"><\/path><path id=\"Vector_2\" d=\"M43.131 0.857178H34.778L19.4091 16.0409H27.7621L43.131 0.857178Z\" fill=\"#D70006\"><\/path><path id=\"Vector_3\" d=\"M59.2711 0.857178H50.9109L35.5492 16.0409H43.895L59.2711 0.857178Z\" fill=\"#D70006\"><\/path><\/svg>\t\t\t\t\t\t<\/span>\n\t\t\t\t\t\t\t\t\t\tAddress\t\t\t\t\t<span class=\"pxl-item--subdivider\"><\/span>\n\t\t\t\t<\/span>\n\t\t\t<\/div>\n\t\t\n\t\t<h3 class=\"pxl-item--title  \" data-wow-delay=\"ms\">\n\t\t\t\t\t\t\t\t\t\n\t\t\t\t\n\t\t<\/h3>\n\n\t\t\n\t\t\n\t\t\t\t\t\t\t\t\t<\/div>\n<\/div>\t\t\t\t<\/div>\n\t\t\t\t<\/div>\n\t\t\t\t<div class=\"elementor-element elementor-element-8765a21 elementor-widget elementor-widget-pxl_heading\" data-id=\"8765a21\" data-element_type=\"widget\" data-widget_type=\"pxl_heading.default\">\n\t\t\t\t<div class=\"elementor-widget-container\">\n\t\t\t\t\t<div id=\"pxl-pxl_heading-8765a21-2008\" class=\"pxl-heading px-sub-title-default-style\">\n\t<div class=\"pxl-heading--inner\">\n\t\t\n\t\t\n\t\t<h3 class=\"pxl-item--title  \" data-wow-delay=\"ms\">\n\t\t\t\t\t\t\tVISIT US\t\t\n\t\t\t\t\n\t\t<\/h3>\n\n\t\t\n\t\t\n\t\t\t\t\t\t\t\t\t<\/div>\n<\/div>\t\t\t\t<\/div>\n\t\t\t\t<\/div>\n\t\t\t\t<div class=\"elementor-element elementor-element-1e32930 elementor-widget elementor-widget-pxl_link\" data-id=\"1e32930\" data-element_type=\"widget\" data-widget_type=\"pxl_link.default\">\n\t\t\t\t<div class=\"elementor-widget-container\">\n\t\t\t\t\t    <ul class=\"pxl-link pxl-link-l1 pxl-block  \" data-wow-delay=\"ms\">\r\n                        <li class=\"\">\r\n                    <a >\r\n                                                <span>4930 Ch. Gascon, Terrebonne, QC J6X 0H4, Canada<\/span>\r\n                    <\/a>\r\n                <\/li>\r\n            <\/ul>\r\n\t\t\t\t<\/div>\n\t\t\t\t<\/div>\n\t\t            <\/div>\r\n        <\/div>\r\n        \t\t\t<\/div>\n\t\t<\/section>\n\t\t            <\/div>\r\n        <\/div>\r\n        \t\t\t<\/div>\n\t\t<\/section>\n\t\t        <section class=\"elementor-section elementor-top-section elementor-element elementor-element-ac1deb3 elementor-section-full_width elementor-section-height-default elementor-section-height-default pxl-type-header-none pxl-section-offset-none pxl-section-smoke_particles-no pxl-row-scroll-none\" data-id=\"ac1deb3\" data-element_type=\"section\">\n\n                \n                <div class=\"elementor-container elementor-column-gap-extended \">\n                <div class=\"elementor-column elementor-col-100 elementor-top-column elementor-element elementor-element-b158828 pxl-column-element-default pxl-column-none\" data-id=\"b158828\" data-element_type=\"column\">\r\n        <div class=\"elementor-widget-wrap elementor-element-populated\">\r\n                     \r\n        \t\t<div class=\"elementor-element elementor-element-bcedb2d google-map-color-custom elementor-widget elementor-widget-google_maps\" data-id=\"bcedb2d\" data-element_type=\"widget\" data-widget_type=\"google_maps.default\">\n\t\t\t\t\t\t\t<div class=\"elementor-custom-embed\">\n\t\t\t<iframe loading=\"lazy\"\n\t\t\t\t\tsrc=\"https:\/\/maps.google.com\/maps?q=4930%20Ch.%20Gascon%2C%20Terrebonne%2C%20QC%20J6X%200H4%2C%20Canada&#038;t=m&#038;z=14&#038;output=embed&#038;iwloc=near\"\n\t\t\t\t\ttitle=\"4930 Ch. Gascon, Terrebonne, QC J6X 0H4, Canada\"\n\t\t\t\t\taria-label=\"4930 Ch. Gascon, Terrebonne, QC J6X 0H4, Canada\"\n\t\t\t><\/iframe>\n\t\t<\/div>\n\t\t\t\t\t\t<\/div>\n\t\t            <\/div>\r\n        <\/div>\r\n        \t\t\t<\/div>\n\t\t<\/section>\n\t\t<div class=\"elementor-element elementor-element-37c5329 e-flex e-con-boxed e-con e-parent \" data-id=\"37c5329\" data-element_type=\"container\">\t\t\t<div class=\"e-con-inner\">\r\n\t\t<div class=\"elementor-element elementor-element-5670d25 e-con-full e-flex e-con e-child \" data-id=\"5670d25\" data-element_type=\"container\">\t\t<\/div>\r\n\t\t<div class=\"elementor-element elementor-element-b7ef89a e-con-full e-flex e-con e-child \" data-id=\"b7ef89a\" data-element_type=\"container\" data-settings=\"{&quot;background_background&quot;:&quot;classic&quot;}\">\t\t<div class=\"elementor-element elementor-element-a14be88 elementor-widget elementor-widget-heading\" data-id=\"a14be88\" data-element_type=\"widget\" data-widget_type=\"heading.default\">\n\t\t\t\t\t<h2 class=\"elementor-heading-title elementor-size-default\">Planifier une d\u00e9monstration<\/h2>\t\t\t\t<\/div>\n\t\t\t\t<div class=\"elementor-element elementor-element-410498a elementor-widget elementor-widget-text-editor\" data-id=\"410498a\" data-element_type=\"widget\" data-widget_type=\"text-editor.default\">\n\t\t\t\t\t\t\t\t\t<p>A to Z Lubricants est votre source de confiance pour les huiles essence, diesel et bygen de haute qualit\u00e9. <\/p>\t\t\t\t\t\t\t\t<\/div>\n\t\t\t\t<div class=\"elementor-element elementor-element-f1d5642 elementor-button-align-stretch elementor-widget elementor-widget-form\" data-id=\"f1d5642\" data-element_type=\"widget\" data-settings=\"{&quot;step_next_label&quot;:&quot;Suivant&quot;,&quot;step_previous_label&quot;:&quot;Pr\\u00e9c\\u00e9dent&quot;,&quot;button_width&quot;:&quot;100&quot;,&quot;step_type&quot;:&quot;number_text&quot;,&quot;step_icon_shape&quot;:&quot;circle&quot;}\" data-widget_type=\"form.default\">\n\t\t\t\t\t\t\t<form class=\"elementor-form\" method=\"post\" name=\"Nouveau formulaire\" aria-label=\"Nouveau formulaire\">\n\t\t\t<input type=\"hidden\" name=\"post_id\" value=\"9692\"\/>\n\t\t\t<input type=\"hidden\" name=\"form_id\" value=\"f1d5642\"\/>\n\t\t\t<input type=\"hidden\" name=\"referer_title\" value=\"\" \/>\n\n\t\t\t\n\t\t\t<div class=\"elementor-form-fields-wrapper elementor-labels-above\">\n\t\t\t\t\t\t\t\t<div class=\"elementor-field-type-text elementor-field-group elementor-column elementor-field-group-name elementor-col-50 elementor-field-required\">\n\t\t\t\t\t\t\t\t\t\t\t\t\t<input size=\"1\" type=\"text\" name=\"form_fields[name]\" id=\"form-field-name\" class=\"elementor-field elementor-size-sm  elementor-field-textual\" placeholder=\"Nom complet*\" required=\"required\">\n\t\t\t\t\t\t\t\t\t\t\t<\/div>\n\t\t\t\t\t\t\t\t<div class=\"elementor-field-type-email elementor-field-group elementor-column elementor-field-group-email elementor-col-50 elementor-field-required\">\n\t\t\t\t\t\t\t\t\t\t\t\t\t<input size=\"1\" type=\"email\" name=\"form_fields[email]\" id=\"form-field-email\" class=\"elementor-field elementor-size-sm  elementor-field-textual\" placeholder=\"Adresse e-mail*\" required=\"required\">\n\t\t\t\t\t\t\t\t\t\t\t<\/div>\n\t\t\t\t\t\t\t\t<div class=\"elementor-field-type-tel elementor-field-group elementor-column elementor-field-group-message elementor-col-50 elementor-field-required\">\n\t\t\t\t\t\t\t<input size=\"1\" type=\"tel\" name=\"form_fields[message]\" id=\"form-field-message\" class=\"elementor-field elementor-size-sm  elementor-field-textual\" placeholder=\"Num\u00e9ro de t\u00e9l\u00e9phone*\" required=\"required\" pattern=\"[0-9()#&amp;+*-=.]+\" title=\"Seuls les caract\u00e8res de num\u00e9ros de t\u00e9l\u00e9phone (#, -, *, etc.) sont accept\u00e9s.\">\n\n\t\t\t\t\t\t<\/div>\n\t\t\t\t\t\t\t\t<div class=\"elementor-field-type-text elementor-field-group elementor-column elementor-field-group-field_a4e4fca elementor-col-50 elementor-field-required\">\n\t\t\t\t\t\t\t\t\t\t\t\t\t<input size=\"1\" type=\"text\" name=\"form_fields[field_a4e4fca]\" id=\"form-field-field_a4e4fca\" class=\"elementor-field elementor-size-sm  elementor-field-textual\" placeholder=\"Adresse*\" required=\"required\">\n\t\t\t\t\t\t\t\t\t\t\t<\/div>\n\t\t\t\t\t\t\t\t<div class=\"elementor-field-type-text elementor-field-group elementor-column elementor-field-group-field_7b0386a elementor-col-100\">\n\t\t\t\t\t\t\t\t\t\t\t\t\t<input size=\"1\" type=\"text\" name=\"form_fields[field_7b0386a]\" id=\"form-field-field_7b0386a\" class=\"elementor-field elementor-size-sm  elementor-field-textual\" placeholder=\"Message\">\n\t\t\t\t\t\t\t\t\t\t\t<\/div>\n\t\t\t\t\t\t\t\t<div class=\"elementor-field-group elementor-column elementor-field-type-submit elementor-col-100 e-form__buttons\">\n\t\t\t\t\t<button class=\"elementor-button elementor-size-sm\" type=\"submit\">\n\t\t\t\t\t\t<span class=\"elementor-button-content-wrapper\">\n\t\t\t\t\t\t\t\t\t\t\t\t\t\t\t\t\t\t\t\t\t\t<span class=\"elementor-button-text\">Envoyer<\/span>\n\t\t\t\t\t\t\t\t\t\t\t\t\t<\/span>\n\t\t\t\t\t<\/button>\n\t\t\t\t<\/div>\n\t\t\t<\/div>\n\t\t<\/form>\n\t\t\t\t\t\t<\/div>\n\t\t\t\t<\/div>\r\n\t\t<div class=\"elementor-element elementor-element-e5dba8a e-con-full e-flex e-con e-child \" data-id=\"e5dba8a\" data-element_type=\"container\">\t\t<\/div>\r\n\t\t\t\t\t<\/div>\r\n\t\t\t\t<\/div>\r\n\t\t\t\t<\/div>\n\t\t","protected":false},"excerpt":{"rendered":"<p>Phone no Call Us Anytime +1 514-927-1333 Email Address SEND US MAIL a2zautoexpress@gmail.com Address VISIT US 4930 Ch. Gascon, Terrebonne, QC J6X 0H4, Canada Planifier une d\u00e9monstration A to Z Lubricants est votre source de confiance pour les huiles essence, diesel et bygen de haute qualit\u00e9.<\/p>\n","protected":false},"author":1,"featured_media":0,"parent":0,"menu_order":0,"comment_status":"closed","ping_status":"closed","template":"","meta":{"_acf_changed":false,"footnotes":""},"class_list":["post-9692","page","type-page","status-publish","hentry"],"acf":[],"_links":{"self":[{"href":"https:\/\/lubricants.a2zautoexpress.com\/fr\/wp-json\/wp\/v2\/pages\/9692","targetHints":{"allow":["GET"]}}],"collection":[{"href":"https:\/\/lubricants.a2zautoexpress.com\/fr\/wp-json\/wp\/v2\/pages"}],"about":[{"href":"https:\/\/lubricants.a2zautoexpress.com\/fr\/wp-json\/wp\/v2\/types\/page"}],"author":[{"embeddable":true,"href":"https:\/\/lubricants.a2zautoexpress.com\/fr\/wp-json\/wp\/v2\/users\/1"}],"replies":[{"embeddable":true,"href":"https:\/\/lubricants.a2zautoexpress.com\/fr\/wp-json\/wp\/v2\/comments?post=9692"}],"version-history":[{"count":1,"href":"https:\/\/lubricants.a2zautoexpress.com\/fr\/wp-json\/wp\/v2\/pages\/9692\/revisions"}],"predecessor-version":[{"id":9693,"href":"https:\/\/lubricants.a2zautoexpress.com\/fr\/wp-json\/wp\/v2\/pages\/9692\/revisions\/9693"}],"wp:attachment":[{"href":"https:\/\/lubricants.a2zautoexpress.com\/fr\/wp-json\/wp\/v2\/media?parent=9692"}],"curies":[{"name":"wp","href":"https:\/\/api.w.org\/{rel}","templated":true}]}}